{"id":1890,"date":"2025-01-22T15:23:34","date_gmt":"2025-01-22T15:23:34","guid":{"rendered":"https:\/\/vp5o2gbqfxt.preview.infomaniak.website\/loesungen\/lead-generator\/"},"modified":"2026-02-06T16:38:16","modified_gmt":"2026-02-06T16:38:16","slug":"smart-lead","status":"publish","type":"page","link":"https:\/\/www.popety.io\/de\/loesungen\/smart-lead\/","title":{"rendered":"Smart Lead"},"content":{"rendered":"<!--themify_builder_content-->\n<div id=\"themify_builder_content-1890\" data-postid=\"1890\" class=\"themify_builder_content themify_builder_content-1890 themify_builder tf_clear\">\n                    <div  data-lazy=\"1\" class=\"module_row themify_builder_row tb_roc742 tb_first tf_w\">\n                        <div class=\"row_inner col_align_middle gutter-narrow tb_col_count_2 tf_box tf_rel\">\n                        <div  data-lazy=\"1\" class=\"module_column tb-column col4-2 tb_e04n42 first\">\n                    <!-- module text -->\n<div  class=\"module module-text tb_dvkt42   \" data-lazy=\"1\">\n        <div  class=\"tb_text_wrap\">\n        <h1><span class=\"underline-style\">Smart<\/span> Lead<\/h1>    <\/div>\n<\/div>\n<!-- \/module text -->        <div  data-lazy=\"1\" class=\"module_subrow themify_builder_sub_row tf_w col_align_top tb_col_count_2 tb_jhe242\">\n                <div  data-lazy=\"1\" class=\"module_column sub_column col4-2 tb_k1m342 first\">\n                    <!-- module image -->\n<div  class=\"module module-image tb_z7lt42 image-top   tf_mw\" data-lazy=\"1\">\n        <div class=\"image-wrap tf_rel tf_mw\">\n            <img decoding=\"async\" src=\"https:\/\/popety.io\/wp-content\/uploads\/2025\/03\/smart_lead.svg\" width=\"200\" title=\"Smart Lead\" alt=\"Smart Lead\">    \n        <\/div>\n    <!-- \/image-wrap -->\n    \n        <\/div>\n<!-- \/module image -->        <\/div>\n                    <div  data-lazy=\"1\" class=\"module_column sub_column col4-2 tb_ov5m42 last\">\n                    <!-- module text -->\n<div  class=\"module module-text tb_l82z42   \" data-lazy=\"1\">\n        <div  class=\"tb_text_wrap\">\n        <p>Erhalten Sie qualifizierte Immobilien-Leads direkt \u00fcber Ihre Website.<\/p>    <\/div>\n<\/div>\n<!-- \/module text --><!-- module text -->\n<div  class=\"module module-text tb_b8ic42   \" data-lazy=\"1\">\n        <div  class=\"tb_text_wrap\">\n        <p><span style=\"color: #b35a4f;\">\u2714<\/span> Schnelle Sch\u00e4tzung \u00fcber Ihre Website<\/p>\n<div><span style=\"color: #b35a4f;\">\u2714<\/span> Widget-Modul oder API<\/div>\n<div><span style=\"color: #b35a4f;\">\u2714<\/span> Einzigartige Tracking-Pipeline<\/div>    <\/div>\n<\/div>\n<!-- \/module text -->        <\/div>\n                    <\/div>\n                <\/div>\n                    <div  data-lazy=\"1\" class=\"module_column tb-column col4-2 tb_wqwb893 last\">\n        <span class=\"builder_row_cover tf_abs\"><\/span>            <!-- module text -->\n<div  class=\"module module-text tb_meqo893   \" data-lazy=\"1\">\n        <div  class=\"tb_text_wrap\">\n        <p style=\"text-align: center;\">F\u00fcr Sie gemacht, <br>die Sie&#8230;<\/p>    <\/div>\n<\/div>\n<!-- \/module text --><!-- module text -->\n<div  class=\"module module-text tb_2t3p893   \" data-lazy=\"1\">\n        <div  class=\"tb_text_wrap\">\n        <p style=\"text-align: center;\">Immobilienb\u00fcros<\/p>\n    <\/div>\n<\/div>\n<!-- \/module text --><!-- module image -->\n<div  class=\"module module-image tb_78d4893 image-center   tf_mw\" data-lazy=\"1\">\n        <div class=\"image-wrap tf_rel tf_mw\">\n            <img decoding=\"async\" src=\"https:\/\/popety.io\/wp-content\/uploads\/2025\/01\/enterprise.svg\" width=\"100\" title=\"Smart Lead\" alt=\"Smart Lead\">    \n        <\/div>\n    <!-- \/image-wrap -->\n    \n        <\/div>\n<!-- \/module image --><!-- module buttons -->\n<div  class=\"module module-buttons tb_pig8893 buttons-horizontal solid  small circle\" data-lazy=\"1\">\n        <div class=\"module-buttons-item tf_in_flx\">\n                        <a href=\"https:\/\/popety.io\/de\/branchen\/immobilien-agenturen\/\" class=\"ui builder_button tf_in_flx tb_default_color\" >\n                                                Erfahrungsbericht und Fallstudie                                        <\/a>\n                <\/div>\n            <\/div>\n<!-- \/module buttons -->\n        <\/div>\n                        <\/div>\n        <\/div>\n                        <div  data-css_id=\"seo7605\" data-lazy=\"1\" class=\"module_row themify_builder_row fullwidth_row_container tb_seo7605 tf_w\">\n                        <div class=\"row_inner col_align_top tb_col_count_1 tf_box tf_rel\">\n                        <div  data-lazy=\"1\" class=\"module_column tb-column col-full tb_278q605 first\">\n                    <!-- module text -->\n<div  class=\"module module-text tb_gjsm605   \" data-lazy=\"1\">\n        <div  class=\"tb_text_wrap\">\n        <p><em>&#8222;Mit dem Lead Generator kann unsere Website, die als Schaufenster genutzt wird, mehr Auftr\u00e4ge generieren. Der integrierte Immobiliensch\u00e4tzer macht es uns leicht, qualifizierte Leads zu erhalten und sie zu verfolgen. Ein gro\u00dfer Vorteil f\u00fcr unsere Agentur!&#8220;<\/em><\/p>    <\/div>\n<\/div>\n<!-- \/module text -->        <\/div>\n                        <\/div>\n        <\/div>\n                        <div  data-lazy=\"1\" class=\"module_row themify_builder_row tb_fosm233 tf_w\">\n                        <div class=\"row_inner col_align_top tb_col_count_1 tf_box tf_rel\">\n                        <div  data-lazy=\"1\" class=\"module_column tb-column col-full tb_7vl1233 first\">\n                    <!-- module text -->\n<div  class=\"module module-text tb_ju9w233   \" data-lazy=\"1\">\n        <div  class=\"tb_text_wrap\">\n        <h2>Mit <span class=\"underline-style\">Smart Lead<\/span> profitieren Sie von der&#8230;<\/h2>    <\/div>\n<\/div>\n<!-- \/module text -->        <div  data-lazy=\"1\" class=\"module_subrow themify_builder_sub_row tf_w col_align_middle gutter-narrow tb_col_count_2 tb_g1jg63\">\n                <div  data-lazy=\"1\" class=\"module_column sub_column col4-2 tb_te6f63 first\">\n                    <!-- module text -->\n<div  class=\"module module-text tb_f6bs233   \" data-lazy=\"1\">\n        <div  class=\"tb_text_wrap\">\n        <p><span style=\"color: #b35a4f;\">\u2714<\/span> Mehr Verkaufsmandate<br \/><span style=\"color: #b35a4f;\">\u2714<\/span> Gewinnung und Pflege von Eigent\u00fcmern<br \/><span style=\"color: #b35a4f;\">\u2714<\/span> Zugriff auf ein zentrales CRM \u00fcber Ihr Popety.io-Konto<br \/><span style=\"color: #b35a4f;\">\u2714<\/span> Anpassbarerintegration<\/p>    <\/div>\n<\/div>\n<!-- \/module text -->        <\/div>\n                    <div  data-lazy=\"1\" class=\"module_column sub_column col4-2 tb_fwir63 last\">\n                    <!-- module image pro -->\n<div  class=\"module module-pro-image tb_vhux63 filter- effect-zoomin fullwidth_image rounded tf_textc   entrance-effect-fadeIn\" data-lazy=\"1\" data-entrance-effect=\"fadeIn\" data-exit-effect=\"fadeOut\" >\n\t\n    <div class=\"image-pro-wrap tf_rel tf_overflow tf_inline_b\">\n\t\t\t\t\t<a class=\"image-pro-external themify_lightbox tf_abs tf_w tf_h\" href=\"http:\/\/www.popety.io\/wp-content\/uploads\/2025\/10\/Screenshot-2025-10-22-at-13.57.36-scaled.png\" ><span class=\"screen-reader-text\">Link<\/span><\/a>\n\t\t   \t\t<div class=\"image-pro-flip-box-wrap tf_rel tf_w tf_overflow\">\n\t\t\t<div class=\"image-pro-flip-box tf_rel\">\n\n\t\t\t\t<img decoding=\"async\" src=\"http:\/\/www.popety.io\/wp-content\/uploads\/2025\/10\/Screenshot-2025-10-22-at-13.57.36-scaled.png\" width=\"2560\" height=\"1598\" title=\"Smart Lead\" alt=\"Smart Lead\">\n\t\t\t\t\t\t\t\t\t<div class=\"image-pro-overlay tf_hidden tf_abs\">\n\n\t\t\t\t\t\t\t\t\t\t\t\t\t<div class=\"image-pro-color-overlay tf_abs\" style=\"background-color:rgba(179,90,79, 0.4)\"><\/div>\n\t\t\t\t\t\t\n\t\t\t\t\t\t<div class=\"image-pro-overlay-inner\">\n\n\t\t\t\t\t\t\t\n\t\t\t\t\t\t\t\n\t\t\t\t\t\t\t\t\t\t\t\t\t\t\t<a class=\"ui image-pro-entity builder_button image-pro-action-button transparent themify_lightbox\" href=\"http:\/\/www.popety.io\/wp-content\/uploads\/2025\/10\/Screenshot-2025-10-22-at-13.57.36-scaled.png\" >\n\t\t\t\t\t\t\t\t\t   +\t\t\t\t\t\t\t\t<\/a>\n\t\t\t\t\t\t\t\n\t\t\t\t\t\t<\/div>\n\t\t\t\t\t<\/div><!-- .image-pro-overlay -->\n\t\t\t\t\n\t\t\t<\/div>\n\t\t<\/div>\n\n    <\/div><!-- .image-pro-wrap -->\n\n\t\n\t\n\t<\/div><!-- \/module image pro -->        <\/div>\n                    <\/div>\n        <!-- module text -->\n<div  class=\"module module-text tb_rini233   \" data-lazy=\"1\">\n        <div  class=\"tb_text_wrap\">\n        <p>M\u00f6chten Sie einen konkreten Eindruck gewinnen?<\/p>\n<p>Testen Sie selbst: So k\u00f6nnte Smart Lead auf Ihrer Website aussehen!<\/p>    <\/div>\n<\/div>\n<!-- \/module text --><!-- module buttons -->\n<div  class=\"module module-buttons tb_6g2u827 buttons-horizontal solid  small circle\" data-lazy=\"1\">\n        <div class=\"module-buttons-item tf_in_flx\">\n                        <a href=\"https:\/\/popetyio-realestate-website.netlify.app\/index.html?lang=de\" class=\"ui builder_button tf_in_flx tb_default_color\" >\n                                                Online testen                                        <\/a>\n                <\/div>\n            <\/div>\n<!-- \/module buttons -->\n<!-- module text -->\n<div  class=\"module module-text tb_jzcn0   \" data-lazy=\"1\">\n        <div  class=\"tb_text_wrap\">\n        <p>M\u00f6chten Sie mehr Mandate erhalten?\u00a0<\/p>\n<div>Finden Sie heraus, wie Popety.io Sie unterst\u00fctzen kann!<\/div>    <\/div>\n<\/div>\n<!-- \/module text --><!-- module buttons -->\n<div  class=\"module module-buttons tb_9z6a96 buttons-horizontal solid  small circle\" data-lazy=\"1\">\n        <div class=\"module-buttons-item tf_in_flx\">\n                        <a href=\"https:\/\/popety.io\/de\/demo-buchen\" class=\"ui builder_button tf_in_flx tb_default_color\" >\n                                                Demo buchen                                        <\/a>\n                <\/div>\n            <\/div>\n<!-- \/module buttons -->\n        <\/div>\n                        <\/div>\n        <\/div>\n                        <div  data-css_id=\"h3ik805\" data-lazy=\"1\" class=\"module_row themify_builder_row fullwidth_row_container tb_h3ik805 tf_w\">\n                        <div class=\"row_inner col_align_top tb_col_count_1 tf_box tf_rel\">\n                        <div  data-lazy=\"1\" class=\"module_column tb-column col-full tb_tst4805 first\">\n                    <!-- module plain text -->\n<div  class=\"module module-plain-text tb_xy2r610 \" data-lazy=\"1\">\n        <div class=\"tb_text_wrap\">\n    <div>\n  <p style=\"color: #1a3a4a; font-size: 18px; font-weight: 500; margin-bottom: 15px;\">Entdecken Sie auch unsere anderen L\u00f6sungen<\/p>\n  <p style=\"font-size: 16px;\">\n    <a href=\"https:\/\/popety.io\/de\/loesungen\/analyse\/\" style=\"color: var(--theme_accent); text-decoration: none; margin-right: 15px;\">Immobilienanalyse<\/a>  |  \n    <a href=\"https:\/\/popety.io\/de\/loesungen\/estimate\/\" style=\"color: var(--theme_accent); text-decoration: none; margin: 0 15px;\">Immobilienbewertung<\/a>  |  \n    <a href=\"https:\/\/popety.io\/de\/loesungen\/explore\/\" style=\"color: var(--theme_accent); text-decoration: none; margin: 0 15px;\">Explore<\/a>  |  \n    <a href=\"https:\/\/popety.io\/de\/loesungen\/api\/\" style=\"color: var(--theme_accent); text-decoration: none; margin-left: 15px;\">API Daten<\/a>\n  <\/p>\n<\/div>    <\/div>\n<\/div>\n<!-- \/module plain text -->        <\/div>\n                        <\/div>\n        <\/div>\n        <\/div>\n<!--\/themify_builder_content-->","protected":false},"excerpt":{"rendered":"<p>Smart Lead Erhalten Sie qualifizierte Immobilien-Leads direkt \u00fcber Ihre Website. \u2714 Schnelle Sch\u00e4tzung \u00fcber Ihre Website \u2714 Widget-Modul oder API \u2714 Einzigartige Tracking-Pipeline F\u00fcr Sie gemacht, die Sie&#8230; Immobilienb\u00fcros Erfahrungsbericht und Fallstudie &#8222;Mit dem Lead Generator kann unsere Website, die als Schaufenster genutzt wird, mehr Auftr\u00e4ge generieren. Der integrierte Immobiliensch\u00e4tzer macht es uns leicht, qualifizierte [&hellip;]<\/p>\n","protected":false},"author":9,"featured_media":0,"parent":1877,"menu_order":0,"comment_status":"closed","ping_status":"closed","template":"","meta":{"footnotes":""},"class_list":["post-1890","page","type-page","status-publish","hentry","has-post-title","has-post-date","has-post-category","has-post-tag","has-post-comment","has-post-author",""],"yoast_head":"<!-- This site is optimized with the Yoast SEO plugin v26.8 - https:\/\/yoast.com\/product\/yoast-seo-wordpress\/ -->\n<title>Qualifizierte Immobilien-Leads | Smart Lead Popety.io<\/title>\n<meta name=\"description\" content=\"Generieren Sie qualifizierte Immobilien-Leads mit Smart Lead. Erfassen Sie Interessenten in Echtzeit via Widget oder API. \u00dcber 300 Kunden in der Schweiz.\" \/>\n<meta name=\"robots\" content=\"index, follow, max-snippet:-1, max-image-preview:large, max-video-preview:-1\" \/>\n<link rel=\"canonical\" href=\"https:\/\/www.popety.io\/de\/loesungen\/smart-lead\/\" \/>\n<meta property=\"og:locale\" content=\"de_DE\" \/>\n<meta property=\"og:type\" content=\"article\" \/>\n<meta property=\"og:title\" content=\"Qualifizierte Immobilien-Leads | Smart Lead Popety.io\" \/>\n<meta property=\"og:description\" content=\"Generieren Sie qualifizierte Immobilien-Leads mit Smart Lead. Erfassen Sie Interessenten in Echtzeit via Widget oder API. \u00dcber 300 Kunden in der Schweiz.\" \/>\n<meta property=\"og:url\" content=\"https:\/\/www.popety.io\/de\/loesungen\/smart-lead\/\" \/>\n<meta property=\"og:site_name\" content=\"Popety.io\" \/>\n<meta property=\"article:publisher\" content=\"https:\/\/www.facebook.com\/popety.io\/\" \/>\n<meta property=\"article:modified_time\" content=\"2026-02-06T16:38:16+00:00\" \/>\n<meta property=\"og:image\" content=\"https:\/\/popety.io\/wp-content\/uploads\/2025\/03\/smart_lead.svg\" \/>\n<meta name=\"twitter:card\" content=\"summary_large_image\" \/>\n<meta name=\"twitter:label1\" content=\"Gesch\u00e4tzte Lesezeit\" \/>\n\t<meta name=\"twitter:data1\" content=\"2\u00a0Minuten\" \/>\n<script type=\"application\/ld+json\" class=\"yoast-schema-graph\">{\"@context\":\"https:\/\/schema.org\",\"@graph\":[{\"@type\":\"WebPage\",\"@id\":\"https:\/\/www.popety.io\/de\/loesungen\/smart-lead\/\",\"url\":\"https:\/\/www.popety.io\/de\/loesungen\/smart-lead\/\",\"name\":\"Qualifizierte Immobilien-Leads | Smart Lead Popety.io\",\"isPartOf\":{\"@id\":\"https:\/\/www.popety.io\/#website\"},\"primaryImageOfPage\":{\"@id\":\"https:\/\/www.popety.io\/de\/loesungen\/smart-lead\/#primaryimage\"},\"image\":{\"@id\":\"https:\/\/www.popety.io\/de\/loesungen\/smart-lead\/#primaryimage\"},\"thumbnailUrl\":\"https:\/\/popety.io\/wp-content\/uploads\/2025\/03\/smart_lead.svg\",\"datePublished\":\"2025-01-22T15:23:34+00:00\",\"dateModified\":\"2026-02-06T16:38:16+00:00\",\"description\":\"Generieren Sie qualifizierte Immobilien-Leads mit Smart Lead. Erfassen Sie Interessenten in Echtzeit via Widget oder API. \u00dcber 300 Kunden in der Schweiz.\",\"breadcrumb\":{\"@id\":\"https:\/\/www.popety.io\/de\/loesungen\/smart-lead\/#breadcrumb\"},\"inLanguage\":\"de\",\"potentialAction\":[{\"@type\":\"ReadAction\",\"target\":[\"https:\/\/www.popety.io\/de\/loesungen\/smart-lead\/\"]}]},{\"@type\":\"ImageObject\",\"inLanguage\":\"de\",\"@id\":\"https:\/\/www.popety.io\/de\/loesungen\/smart-lead\/#primaryimage\",\"url\":\"https:\/\/popety.io\/wp-content\/uploads\/2025\/03\/smart_lead.svg\",\"contentUrl\":\"https:\/\/popety.io\/wp-content\/uploads\/2025\/03\/smart_lead.svg\"},{\"@type\":\"BreadcrumbList\",\"@id\":\"https:\/\/www.popety.io\/de\/loesungen\/smart-lead\/#breadcrumb\",\"itemListElement\":[{\"@type\":\"ListItem\",\"position\":1,\"name\":\"Accueil\",\"item\":\"https:\/\/www.popety.io\/de\/\"},{\"@type\":\"ListItem\",\"position\":2,\"name\":\"L\u00f6sungen\",\"item\":\"https:\/\/www.popety.io\/de\/loesungen\/\"},{\"@type\":\"ListItem\",\"position\":3,\"name\":\"Smart Lead\"}]},{\"@type\":\"WebSite\",\"@id\":\"https:\/\/www.popety.io\/#website\",\"url\":\"https:\/\/www.popety.io\/\",\"name\":\"Popety.io\",\"description\":\"\",\"publisher\":{\"@id\":\"https:\/\/www.popety.io\/#organization\"},\"potentialAction\":[{\"@type\":\"SearchAction\",\"target\":{\"@type\":\"EntryPoint\",\"urlTemplate\":\"https:\/\/www.popety.io\/?s={search_term_string}\"},\"query-input\":{\"@type\":\"PropertyValueSpecification\",\"valueRequired\":true,\"valueName\":\"search_term_string\"}}],\"inLanguage\":\"de\"},{\"@type\":\"Organization\",\"@id\":\"https:\/\/www.popety.io\/#organization\",\"name\":\"Popety.io\",\"alternateName\":\"Popety\",\"url\":\"https:\/\/www.popety.io\/\",\"logo\":{\"@type\":\"ImageObject\",\"inLanguage\":\"de\",\"@id\":\"https:\/\/www.popety.io\/#\/schema\/logo\/image\/\",\"url\":\"https:\/\/www.popety.io\/wp-content\/uploads\/2025\/03\/popety_circle_logo.png\",\"contentUrl\":\"https:\/\/www.popety.io\/wp-content\/uploads\/2025\/03\/popety_circle_logo.png\",\"width\":521,\"height\":521,\"caption\":\"Popety.io\"},\"image\":{\"@id\":\"https:\/\/www.popety.io\/#\/schema\/logo\/image\/\"},\"sameAs\":[\"https:\/\/www.facebook.com\/popety.io\/\",\"https:\/\/ch.linkedin.com\/company\/popety-sa\",\"https:\/\/www.instagram.com\/popety.io\/\"]}]}<\/script>\n<!-- \/ Yoast SEO plugin. -->","yoast_head_json":{"title":"Qualifizierte Immobilien-Leads | Smart Lead Popety.io","description":"Generieren Sie qualifizierte Immobilien-Leads mit Smart Lead. Erfassen Sie Interessenten in Echtzeit via Widget oder API. \u00dcber 300 Kunden in der Schweiz.","robots":{"index":"index","follow":"follow","max-snippet":"max-snippet:-1","max-image-preview":"max-image-preview:large","max-video-preview":"max-video-preview:-1"},"canonical":"https:\/\/www.popety.io\/de\/loesungen\/smart-lead\/","og_locale":"de_DE","og_type":"article","og_title":"Qualifizierte Immobilien-Leads | Smart Lead Popety.io","og_description":"Generieren Sie qualifizierte Immobilien-Leads mit Smart Lead. Erfassen Sie Interessenten in Echtzeit via Widget oder API. \u00dcber 300 Kunden in der Schweiz.","og_url":"https:\/\/www.popety.io\/de\/loesungen\/smart-lead\/","og_site_name":"Popety.io","article_publisher":"https:\/\/www.facebook.com\/popety.io\/","article_modified_time":"2026-02-06T16:38:16+00:00","og_image":[{"url":"https:\/\/popety.io\/wp-content\/uploads\/2025\/03\/smart_lead.svg","type":"","width":"","height":""}],"twitter_card":"summary_large_image","twitter_misc":{"Gesch\u00e4tzte Lesezeit":"2\u00a0Minuten"},"schema":{"@context":"https:\/\/schema.org","@graph":[{"@type":"WebPage","@id":"https:\/\/www.popety.io\/de\/loesungen\/smart-lead\/","url":"https:\/\/www.popety.io\/de\/loesungen\/smart-lead\/","name":"Qualifizierte Immobilien-Leads | Smart Lead Popety.io","isPartOf":{"@id":"https:\/\/www.popety.io\/#website"},"primaryImageOfPage":{"@id":"https:\/\/www.popety.io\/de\/loesungen\/smart-lead\/#primaryimage"},"image":{"@id":"https:\/\/www.popety.io\/de\/loesungen\/smart-lead\/#primaryimage"},"thumbnailUrl":"https:\/\/popety.io\/wp-content\/uploads\/2025\/03\/smart_lead.svg","datePublished":"2025-01-22T15:23:34+00:00","dateModified":"2026-02-06T16:38:16+00:00","description":"Generieren Sie qualifizierte Immobilien-Leads mit Smart Lead. Erfassen Sie Interessenten in Echtzeit via Widget oder API. \u00dcber 300 Kunden in der Schweiz.","breadcrumb":{"@id":"https:\/\/www.popety.io\/de\/loesungen\/smart-lead\/#breadcrumb"},"inLanguage":"de","potentialAction":[{"@type":"ReadAction","target":["https:\/\/www.popety.io\/de\/loesungen\/smart-lead\/"]}]},{"@type":"ImageObject","inLanguage":"de","@id":"https:\/\/www.popety.io\/de\/loesungen\/smart-lead\/#primaryimage","url":"https:\/\/popety.io\/wp-content\/uploads\/2025\/03\/smart_lead.svg","contentUrl":"https:\/\/popety.io\/wp-content\/uploads\/2025\/03\/smart_lead.svg"},{"@type":"BreadcrumbList","@id":"https:\/\/www.popety.io\/de\/loesungen\/smart-lead\/#breadcrumb","itemListElement":[{"@type":"ListItem","position":1,"name":"Accueil","item":"https:\/\/www.popety.io\/de\/"},{"@type":"ListItem","position":2,"name":"L\u00f6sungen","item":"https:\/\/www.popety.io\/de\/loesungen\/"},{"@type":"ListItem","position":3,"name":"Smart Lead"}]},{"@type":"WebSite","@id":"https:\/\/www.popety.io\/#website","url":"https:\/\/www.popety.io\/","name":"Popety.io","description":"","publisher":{"@id":"https:\/\/www.popety.io\/#organization"},"potentialAction":[{"@type":"SearchAction","target":{"@type":"EntryPoint","urlTemplate":"https:\/\/www.popety.io\/?s={search_term_string}"},"query-input":{"@type":"PropertyValueSpecification","valueRequired":true,"valueName":"search_term_string"}}],"inLanguage":"de"},{"@type":"Organization","@id":"https:\/\/www.popety.io\/#organization","name":"Popety.io","alternateName":"Popety","url":"https:\/\/www.popety.io\/","logo":{"@type":"ImageObject","inLanguage":"de","@id":"https:\/\/www.popety.io\/#\/schema\/logo\/image\/","url":"https:\/\/www.popety.io\/wp-content\/uploads\/2025\/03\/popety_circle_logo.png","contentUrl":"https:\/\/www.popety.io\/wp-content\/uploads\/2025\/03\/popety_circle_logo.png","width":521,"height":521,"caption":"Popety.io"},"image":{"@id":"https:\/\/www.popety.io\/#\/schema\/logo\/image\/"},"sameAs":["https:\/\/www.facebook.com\/popety.io\/","https:\/\/ch.linkedin.com\/company\/popety-sa","https:\/\/www.instagram.com\/popety.io\/"]}]}},"_links":{"self":[{"href":"https:\/\/www.popety.io\/de\/wp-json\/wp\/v2\/pages\/1890","targetHints":{"allow":["GET"]}}],"collection":[{"href":"https:\/\/www.popety.io\/de\/wp-json\/wp\/v2\/pages"}],"about":[{"href":"https:\/\/www.popety.io\/de\/wp-json\/wp\/v2\/types\/page"}],"author":[{"embeddable":true,"href":"https:\/\/www.popety.io\/de\/wp-json\/wp\/v2\/users\/9"}],"replies":[{"embeddable":true,"href":"https:\/\/www.popety.io\/de\/wp-json\/wp\/v2\/comments?post=1890"}],"version-history":[{"count":26,"href":"https:\/\/www.popety.io\/de\/wp-json\/wp\/v2\/pages\/1890\/revisions"}],"predecessor-version":[{"id":3750,"href":"https:\/\/www.popety.io\/de\/wp-json\/wp\/v2\/pages\/1890\/revisions\/3750"}],"up":[{"embeddable":true,"href":"https:\/\/www.popety.io\/de\/wp-json\/wp\/v2\/pages\/1877"}],"wp:attachment":[{"href":"https:\/\/www.popety.io\/de\/wp-json\/wp\/v2\/media?parent=1890"}],"curies":[{"name":"wp","href":"https:\/\/api.w.org\/{rel}","templated":true}]}}