{"id":1884,"date":"2025-01-22T15:23:22","date_gmt":"2025-01-22T15:23:22","guid":{"rendered":"https:\/\/vp5o2gbqfxt.preview.infomaniak.website\/loesungen\/schaetzung\/"},"modified":"2026-02-06T16:34:43","modified_gmt":"2026-02-06T16:34:43","slug":"estimate","status":"publish","type":"page","link":"https:\/\/www.popety.io\/de\/loesungen\/estimate\/","title":{"rendered":"Estimate"},"content":{"rendered":"<!--themify_builder_content-->\n<div id=\"themify_builder_content-1884\" data-postid=\"1884\" class=\"themify_builder_content themify_builder_content-1884 themify_builder tf_clear\">\n                    <div  data-lazy=\"1\" class=\"module_row themify_builder_row tb_2d52281 tb_first tf_w\">\n                        <div class=\"row_inner col_align_middle gutter-narrow tb_col_count_2 tf_box tf_rel\">\n                        <div  data-lazy=\"1\" class=\"module_column tb-column col4-2 tb_kky2281 first\">\n                    <!-- module text -->\n<div  class=\"module module-text tb_5ana281   \" data-lazy=\"1\">\n        <div  class=\"tb_text_wrap\">\n        <h1><span class=\"underline-style\">Estimate<\/span><\/h1>    <\/div>\n<\/div>\n<!-- \/module text -->        <div  data-lazy=\"1\" class=\"module_subrow themify_builder_sub_row tf_w col_align_top tb_col_count_2 tb_4kwm281\">\n                <div  data-lazy=\"1\" class=\"module_column sub_column col4-2 tb_k9hn281 first\">\n                    <!-- module image -->\n<div  class=\"module module-image tb_u8yn281 image-top   tf_mw\" data-lazy=\"1\">\n        <div class=\"image-wrap tf_rel tf_mw\">\n            <img decoding=\"async\" src=\"https:\/\/popety.io\/wp-content\/uploads\/2025\/01\/estimate.svg\" width=\"200\" title=\"Estimate\" alt=\"Estimate\">    \n        <\/div>\n    <!-- \/image-wrap -->\n    \n        <\/div>\n<!-- \/module image -->        <\/div>\n                    <div  data-lazy=\"1\" class=\"module_column sub_column col4-2 tb_ft8h281 last\">\n                    <!-- module text -->\n<div  class=\"module module-text tb_zidy281   \" data-lazy=\"1\">\n        <div  class=\"tb_text_wrap\">\n        <p>Erstellen Sie personalisierte Immobilienbewertungsberichte f\u00fcr Ihre Kunden in wenigen Klicks.\u00a0<\/p>    <\/div>\n<\/div>\n<!-- \/module text --><!-- module text -->\n<div  class=\"module module-text tb_b6f8281   \" data-lazy=\"1\">\n        <div  class=\"tb_text_wrap\">\n        <p><span style=\"color: #b35a4f;\">\u2714<\/span> Schnelle Einsch\u00e4tzung durch verschiedene Marktquellen<\/p><div><span style=\"color: #b35a4f;\">\u2714<\/span> Vollst\u00e4ndig anpassbare Berichte<\/div><div><span style=\"color: #b35a4f;\">\u2714<\/span> Weitergabe als PDF und als digitale Version in Ihrem Corporate Design<\/div>    <\/div>\n<\/div>\n<!-- \/module text -->        <\/div>\n                    <\/div>\n                <\/div>\n                    <div  data-lazy=\"1\" class=\"module_column tb-column col4-2 tb_p5i2281 last\">\n        <span class=\"builder_row_cover tf_abs\"><\/span>            <!-- module text -->\n<div  class=\"module module-text tb_008b281   \" data-lazy=\"1\">\n        <div  class=\"tb_text_wrap\">\n        <p style=\"text-align: center;\">F\u00fcr Sie gemacht, <br>die Sie&#8230;<\/p>    <\/div>\n<\/div>\n<!-- \/module text --><!-- module text -->\n<div  class=\"module module-text tb_rcul281   \" data-lazy=\"1\">\n        <div  class=\"tb_text_wrap\">\n        <p class=\"p1\" style=\"text-align: center;\">Immobilienmakler<\/p>\n<p class=\"p1\" style=\"text-align: center;\">Entwickler<\/p>\n<p class=\"p1\" style=\"text-align: center;\">Promoter<\/p>    <\/div>\n<\/div>\n<!-- \/module text -->        <div  data-lazy=\"1\" class=\"module_subrow themify_builder_sub_row tf_w col_align_middle tb_col_count_2 tb_vgcy333\">\n                <div  data-lazy=\"1\" class=\"module_column sub_column col4-2 tb_3k5u333 first\">\n                    <!-- module image -->\n<div  class=\"module module-image tb_tba4281 image-center   tf_mw\" data-lazy=\"1\">\n        <div class=\"image-wrap tf_rel tf_mw\">\n            <img decoding=\"async\" src=\"https:\/\/popety.io\/wp-content\/uploads\/2025\/01\/enterprise.svg\" width=\"100\" title=\"Estimate\" alt=\"Estimate\">    \n        <\/div>\n    <!-- \/image-wrap -->\n    \n        <\/div>\n<!-- \/module image -->        <\/div>\n                    <div  data-lazy=\"1\" class=\"module_column sub_column col4-2 tb_resr333 last\">\n                    <!-- module image -->\n<div  class=\"module module-image tb_0dky562 image-center   tf_mw\" data-lazy=\"1\">\n        <div class=\"image-wrap tf_rel tf_mw\">\n            <img decoding=\"async\" src=\"https:\/\/popety.io\/wp-content\/uploads\/2025\/01\/promoteur.svg\" width=\"80\" title=\"Estimate\" alt=\"Estimate\">    \n        <\/div>\n    <!-- \/image-wrap -->\n    \n        <\/div>\n<!-- \/module image -->        <\/div>\n                    <\/div>\n        <!-- module buttons -->\n<div  class=\"module module-buttons tb_t81y281 buttons-horizontal solid  small circle\" data-lazy=\"1\">\n        <div class=\"module-buttons-item tf_in_flx\">\n                        <a href=\"https:\/\/popety.io\/de\/branchen\/immobilien-agenturen\/\" class=\"ui builder_button tf_in_flx tb_default_color\" >\n                                                Erfahrungsbericht und Fallstudie                                        <\/a>\n                <\/div>\n            <\/div>\n<!-- \/module buttons -->\n        <\/div>\n                        <\/div>\n        <\/div>\n                        <div  data-css_id=\"z5up36\" data-lazy=\"1\" class=\"module_row themify_builder_row fullwidth_row_container tb_z5up36 tf_w\">\n                        <div class=\"row_inner col_align_top tb_col_count_1 tf_box tf_rel\">\n                        <div  data-lazy=\"1\" class=\"module_column tb-column col-full tb_14eo36 first\">\n                    <!-- module text -->\n<div  class=\"module module-text tb_yb2u36   \" data-lazy=\"1\">\n        <div  class=\"tb_text_wrap\">\n        <p><em>&#8222;Mit Estimate kann ich schnell die besten Gelegenheiten identifizieren und pr\u00e4zise Sch\u00e4tzungsberichte mit meinen Kunden teilen. Ein unverzichtbares Tool f\u00fcr meine Mandatsgewinnung!&#8220;<\/em><\/p>    <\/div>\n<\/div>\n<!-- \/module text -->        <\/div>\n                        <\/div>\n        <\/div>\n                        <div  data-lazy=\"1\" class=\"module_row themify_builder_row tb_11vc879 tf_w\">\n                        <div class=\"row_inner col_align_top tb_col_count_1 tf_box tf_rel\">\n                        <div  data-lazy=\"1\" class=\"module_column tb-column col-full tb_ng65879 first\">\n                    <!-- module text -->\n<div  class=\"module module-text tb_8y5t879   \" data-lazy=\"1\">\n        <div  class=\"tb_text_wrap\">\n        <h2>Mit <span class=\"underline-style\">Estimate<\/span> profitieren Sie von&#8230;<\/h2>    <\/div>\n<\/div>\n<!-- \/module text -->        <div  data-lazy=\"1\" class=\"module_subrow themify_builder_sub_row tf_w col_align_middle gutter-narrow tb_col_count_2 tb_1h6z534\">\n                <div  data-lazy=\"1\" class=\"module_column sub_column col4-2 tb_8rou534 first\">\n                    <!-- module text -->\n<div  class=\"module module-text tb_dpz1879   \" data-lazy=\"1\">\n        <div  class=\"tb_text_wrap\">\n        <p><span style=\"color: #b35a4f;\">\u2714<\/span> Zeitersparnis bei der Erstellung Ihrer Analyse- und Sch\u00e4tzungsberichte<br \/>\n<span style=\"color: #b35a4f;\">\u2714<\/span> Erweiterung der Informationsquellen, die Sie mit Ihren zuk\u00fcnftigen Mandatstr\u00e4gern teilen werden<br \/>\n<span style=\"color: #b35a4f;\">\u2714<\/span> Unterst\u00fctzung Ihrer Marktkenntnisse<br \/>\n<span style=\"color: #b35a4f;\">\u2714<\/span> Zugriff auf Verkaufsstatistiken, sowie die M\u00f6glichkeit, aktuelle und vergangene Immo-Anzeigen online zu vergleichen<br \/>\n<span style=\"color: #b35a4f;\">\u2714<\/span> Zugang sozio\u00f6konomischen und energetischen Informationen<\/p>\n    <\/div>\n<\/div>\n<!-- \/module text -->        <\/div>\n                    <div  data-lazy=\"1\" class=\"module_column sub_column col4-2 tb_jbxu534 last\">\n                    <!-- module image pro -->\n<div  class=\"module module-pro-image tb_48gf534 filter- effect-zoomin fullwidth_image rounded tf_textc   entrance-effect-fadeIn\" data-lazy=\"1\" data-entrance-effect=\"fadeIn\" data-exit-effect=\"fadeOut\" >\n\t\n    <div class=\"image-pro-wrap tf_rel tf_overflow tf_inline_b\">\n\t\t\t\t\t<a class=\"image-pro-external themify_lightbox tf_abs tf_w tf_h\" href=\"https:\/\/popety.io\/wp-content\/uploads\/2025\/03\/Estimate_de.jpg\" ><span class=\"screen-reader-text\">Link<\/span><\/a>\n\t\t   \t\t<div class=\"image-pro-flip-box-wrap tf_rel tf_w tf_overflow\">\n\t\t\t<div class=\"image-pro-flip-box tf_rel\">\n\n\t\t\t\t<img decoding=\"async\" src=\"https:\/\/popety.io\/wp-content\/uploads\/2025\/03\/Estimate_de.jpg\" width=\"1434\" height=\"895\" title=\"Estimate\" alt=\"Estimate\">\n\t\t\t\t\t\t\t\t\t<div class=\"image-pro-overlay tf_hidden tf_abs\">\n\n\t\t\t\t\t\t\t\t\t\t\t\t\t<div class=\"image-pro-color-overlay tf_abs\" style=\"background-color:rgba(179,90,79, 0.4)\"><\/div>\n\t\t\t\t\t\t\n\t\t\t\t\t\t<div class=\"image-pro-overlay-inner\">\n\n\t\t\t\t\t\t\t\n\t\t\t\t\t\t\t\n\t\t\t\t\t\t\t\t\t\t\t\t\t\t\t<a class=\"ui image-pro-entity builder_button image-pro-action-button transparent themify_lightbox\" href=\"https:\/\/popety.io\/wp-content\/uploads\/2025\/03\/Estimate_de.jpg\" >\n\t\t\t\t\t\t\t\t\t   +\t\t\t\t\t\t\t\t<\/a>\n\t\t\t\t\t\t\t\n\t\t\t\t\t\t<\/div>\n\t\t\t\t\t<\/div><!-- .image-pro-overlay -->\n\t\t\t\t\n\t\t\t<\/div>\n\t\t<\/div>\n\n    <\/div><!-- .image-pro-wrap -->\n\n\t\n\t\n\t<\/div><!-- \/module image pro -->        <\/div>\n                    <\/div>\n        <!-- module text -->\n<div  class=\"module module-text tb_nnpm879   \" data-lazy=\"1\">\n        <div  class=\"tb_text_wrap\">\n        <p>M\u00f6chten auch Sie Ihre Immobilienakquise beschleunigen?  <\/p>\n<div>Finden Sie heraus, wie Popety.io Sie unterst\u00fctzen kann!<\/div>    <\/div>\n<\/div>\n<!-- \/module text --><!-- module buttons -->\n<div  class=\"module module-buttons tb_spco341 buttons-horizontal solid  small circle\" data-lazy=\"1\">\n        <div class=\"module-buttons-item tf_in_flx\">\n                        <a href=\"https:\/\/popety.io\/de\/demo-buchen\" class=\"ui builder_button tf_in_flx tb_default_color\" >\n                                                Demo Buchen                                        <\/a>\n                <\/div>\n            <\/div>\n<!-- \/module buttons -->\n        <\/div>\n                        <\/div>\n        <\/div>\n                        <div  data-css_id=\"ddn7618\" data-lazy=\"1\" class=\"module_row themify_builder_row fullwidth_row_container tb_ddn7618 tf_w\">\n                        <div class=\"row_inner col_align_top tb_col_count_1 tf_box tf_rel\">\n                        <div  data-lazy=\"1\" class=\"module_column tb-column col-full tb_d9yx618 first\">\n                    <!-- module plain text -->\n<div  class=\"module module-plain-text tb_q2j8798 \" data-lazy=\"1\">\n        <div class=\"tb_text_wrap\">\n    <div>\n  <p style=\"color: #1a3a4a; font-size: 18px; font-weight: 500; margin-bottom: 15px;\">Entdecken Sie auch unsere anderen L\u00f6sungen<\/p>\n  <p style=\"font-size: 16px;\">\n    <a href=\"https:\/\/popety.io\/de\/loesungen\/analyse\/\" style=\"color: var(--theme_accent); text-decoration: none; margin-right: 15px;\">Immobilienanalyse<\/a>  |  \n    <a href=\"https:\/\/popety.io\/de\/loesungen\/explore\/\" style=\"color: var(--theme_accent); text-decoration: none; margin: 0 15px;\">Explore<\/a>  |  \n    <a href=\"https:\/\/popety.io\/de\/loesungen\/api\/\" style=\"color: var(--theme_accent); text-decoration: none; margin: 0 15px;\">API Daten<\/a>  |  \n    <a href=\"https:\/\/popety.io\/de\/loesungen\/smart-lead\/\" style=\"color: var(--theme_accent); text-decoration: none; margin-left: 15px;\">Smart Lead<\/a>\n  <\/p>\n<\/div>    <\/div>\n<\/div>\n<!-- \/module plain text -->        <\/div>\n                        <\/div>\n        <\/div>\n        <\/div>\n<!--\/themify_builder_content-->","protected":false},"excerpt":{"rendered":"<p>Estimate Erstellen Sie personalisierte Immobilienbewertungsberichte f\u00fcr Ihre Kunden in wenigen Klicks.\u00a0 \u2714 Schnelle Einsch\u00e4tzung durch verschiedene Marktquellen \u2714 Vollst\u00e4ndig anpassbare Berichte\u2714 Weitergabe als PDF und als digitale Version in Ihrem Corporate Design F\u00fcr Sie gemacht, die Sie&#8230; Immobilienmakler Entwickler Promoter Erfahrungsbericht und Fallstudie &#8222;Mit Estimate kann ich schnell die besten Gelegenheiten identifizieren und pr\u00e4zise Sch\u00e4tzungsberichte [&hellip;]<\/p>\n","protected":false},"author":9,"featured_media":0,"parent":1877,"menu_order":0,"comment_status":"closed","ping_status":"closed","template":"","meta":{"footnotes":""},"class_list":["post-1884","page","type-page","status-publish","hentry","has-post-title","has-post-date","has-post-category","has-post-tag","has-post-comment","has-post-author",""],"yoast_head":"<!-- This site is optimized with the Yoast SEO plugin v26.8 - https:\/\/yoast.com\/product\/yoast-seo-wordpress\/ -->\n<title>Immobilienbewertung Schweiz | Popety.io<\/title>\n<meta name=\"description\" content=\"Erhalten Sie eine zuverl\u00e4ssige Immobilienbewertung in der Schweiz. Unser Tool analysiert Markttrends f\u00fcr pr\u00e4zise Sch\u00e4tzungen. Kostenlose Testversion.\" \/>\n<meta name=\"robots\" content=\"index, follow, max-snippet:-1, max-image-preview:large, max-video-preview:-1\" \/>\n<link rel=\"canonical\" href=\"https:\/\/www.popety.io\/de\/loesungen\/estimate\/\" \/>\n<meta property=\"og:locale\" content=\"de_DE\" \/>\n<meta property=\"og:type\" content=\"article\" \/>\n<meta property=\"og:title\" content=\"Immobilienbewertung Schweiz | Popety.io\" \/>\n<meta property=\"og:description\" content=\"Erhalten Sie eine zuverl\u00e4ssige Immobilienbewertung in der Schweiz. Unser Tool analysiert Markttrends f\u00fcr pr\u00e4zise Sch\u00e4tzungen. Kostenlose Testversion.\" \/>\n<meta property=\"og:url\" content=\"https:\/\/www.popety.io\/de\/loesungen\/estimate\/\" \/>\n<meta property=\"og:site_name\" content=\"Popety.io\" \/>\n<meta property=\"article:publisher\" content=\"https:\/\/www.facebook.com\/popety.io\/\" \/>\n<meta property=\"article:modified_time\" content=\"2026-02-06T16:34:43+00:00\" \/>\n<meta property=\"og:image\" content=\"https:\/\/popety.io\/wp-content\/uploads\/2025\/01\/estimate.svg\" \/>\n<meta name=\"twitter:card\" content=\"summary_large_image\" \/>\n<meta name=\"twitter:label1\" content=\"Gesch\u00e4tzte Lesezeit\" \/>\n\t<meta name=\"twitter:data1\" content=\"2\u00a0Minuten\" \/>\n<script type=\"application\/ld+json\" class=\"yoast-schema-graph\">{\"@context\":\"https:\/\/schema.org\",\"@graph\":[{\"@type\":\"WebPage\",\"@id\":\"https:\/\/www.popety.io\/de\/loesungen\/estimate\/\",\"url\":\"https:\/\/www.popety.io\/de\/loesungen\/estimate\/\",\"name\":\"Immobilienbewertung Schweiz | Popety.io\",\"isPartOf\":{\"@id\":\"https:\/\/www.popety.io\/#website\"},\"primaryImageOfPage\":{\"@id\":\"https:\/\/www.popety.io\/de\/loesungen\/estimate\/#primaryimage\"},\"image\":{\"@id\":\"https:\/\/www.popety.io\/de\/loesungen\/estimate\/#primaryimage\"},\"thumbnailUrl\":\"https:\/\/popety.io\/wp-content\/uploads\/2025\/01\/estimate.svg\",\"datePublished\":\"2025-01-22T15:23:22+00:00\",\"dateModified\":\"2026-02-06T16:34:43+00:00\",\"description\":\"Erhalten Sie eine zuverl\u00e4ssige Immobilienbewertung in der Schweiz. Unser Tool analysiert Markttrends f\u00fcr pr\u00e4zise Sch\u00e4tzungen. Kostenlose Testversion.\",\"breadcrumb\":{\"@id\":\"https:\/\/www.popety.io\/de\/loesungen\/estimate\/#breadcrumb\"},\"inLanguage\":\"de\",\"potentialAction\":[{\"@type\":\"ReadAction\",\"target\":[\"https:\/\/www.popety.io\/de\/loesungen\/estimate\/\"]}]},{\"@type\":\"ImageObject\",\"inLanguage\":\"de\",\"@id\":\"https:\/\/www.popety.io\/de\/loesungen\/estimate\/#primaryimage\",\"url\":\"https:\/\/popety.io\/wp-content\/uploads\/2025\/01\/estimate.svg\",\"contentUrl\":\"https:\/\/popety.io\/wp-content\/uploads\/2025\/01\/estimate.svg\"},{\"@type\":\"BreadcrumbList\",\"@id\":\"https:\/\/www.popety.io\/de\/loesungen\/estimate\/#breadcrumb\",\"itemListElement\":[{\"@type\":\"ListItem\",\"position\":1,\"name\":\"Accueil\",\"item\":\"https:\/\/www.popety.io\/de\/\"},{\"@type\":\"ListItem\",\"position\":2,\"name\":\"L\u00f6sungen\",\"item\":\"https:\/\/www.popety.io\/de\/loesungen\/\"},{\"@type\":\"ListItem\",\"position\":3,\"name\":\"Estimate\"}]},{\"@type\":\"WebSite\",\"@id\":\"https:\/\/www.popety.io\/#website\",\"url\":\"https:\/\/www.popety.io\/\",\"name\":\"Popety.io\",\"description\":\"\",\"publisher\":{\"@id\":\"https:\/\/www.popety.io\/#organization\"},\"potentialAction\":[{\"@type\":\"SearchAction\",\"target\":{\"@type\":\"EntryPoint\",\"urlTemplate\":\"https:\/\/www.popety.io\/?s={search_term_string}\"},\"query-input\":{\"@type\":\"PropertyValueSpecification\",\"valueRequired\":true,\"valueName\":\"search_term_string\"}}],\"inLanguage\":\"de\"},{\"@type\":\"Organization\",\"@id\":\"https:\/\/www.popety.io\/#organization\",\"name\":\"Popety.io\",\"alternateName\":\"Popety\",\"url\":\"https:\/\/www.popety.io\/\",\"logo\":{\"@type\":\"ImageObject\",\"inLanguage\":\"de\",\"@id\":\"https:\/\/www.popety.io\/#\/schema\/logo\/image\/\",\"url\":\"https:\/\/www.popety.io\/wp-content\/uploads\/2025\/03\/popety_circle_logo.png\",\"contentUrl\":\"https:\/\/www.popety.io\/wp-content\/uploads\/2025\/03\/popety_circle_logo.png\",\"width\":521,\"height\":521,\"caption\":\"Popety.io\"},\"image\":{\"@id\":\"https:\/\/www.popety.io\/#\/schema\/logo\/image\/\"},\"sameAs\":[\"https:\/\/www.facebook.com\/popety.io\/\",\"https:\/\/ch.linkedin.com\/company\/popety-sa\",\"https:\/\/www.instagram.com\/popety.io\/\"]}]}<\/script>\n<!-- \/ Yoast SEO plugin. -->","yoast_head_json":{"title":"Immobilienbewertung Schweiz | Popety.io","description":"Erhalten Sie eine zuverl\u00e4ssige Immobilienbewertung in der Schweiz. Unser Tool analysiert Markttrends f\u00fcr pr\u00e4zise Sch\u00e4tzungen. Kostenlose Testversion.","robots":{"index":"index","follow":"follow","max-snippet":"max-snippet:-1","max-image-preview":"max-image-preview:large","max-video-preview":"max-video-preview:-1"},"canonical":"https:\/\/www.popety.io\/de\/loesungen\/estimate\/","og_locale":"de_DE","og_type":"article","og_title":"Immobilienbewertung Schweiz | Popety.io","og_description":"Erhalten Sie eine zuverl\u00e4ssige Immobilienbewertung in der Schweiz. Unser Tool analysiert Markttrends f\u00fcr pr\u00e4zise Sch\u00e4tzungen. Kostenlose Testversion.","og_url":"https:\/\/www.popety.io\/de\/loesungen\/estimate\/","og_site_name":"Popety.io","article_publisher":"https:\/\/www.facebook.com\/popety.io\/","article_modified_time":"2026-02-06T16:34:43+00:00","og_image":[{"url":"https:\/\/popety.io\/wp-content\/uploads\/2025\/01\/estimate.svg","type":"","width":"","height":""}],"twitter_card":"summary_large_image","twitter_misc":{"Gesch\u00e4tzte Lesezeit":"2\u00a0Minuten"},"schema":{"@context":"https:\/\/schema.org","@graph":[{"@type":"WebPage","@id":"https:\/\/www.popety.io\/de\/loesungen\/estimate\/","url":"https:\/\/www.popety.io\/de\/loesungen\/estimate\/","name":"Immobilienbewertung Schweiz | Popety.io","isPartOf":{"@id":"https:\/\/www.popety.io\/#website"},"primaryImageOfPage":{"@id":"https:\/\/www.popety.io\/de\/loesungen\/estimate\/#primaryimage"},"image":{"@id":"https:\/\/www.popety.io\/de\/loesungen\/estimate\/#primaryimage"},"thumbnailUrl":"https:\/\/popety.io\/wp-content\/uploads\/2025\/01\/estimate.svg","datePublished":"2025-01-22T15:23:22+00:00","dateModified":"2026-02-06T16:34:43+00:00","description":"Erhalten Sie eine zuverl\u00e4ssige Immobilienbewertung in der Schweiz. Unser Tool analysiert Markttrends f\u00fcr pr\u00e4zise Sch\u00e4tzungen. Kostenlose Testversion.","breadcrumb":{"@id":"https:\/\/www.popety.io\/de\/loesungen\/estimate\/#breadcrumb"},"inLanguage":"de","potentialAction":[{"@type":"ReadAction","target":["https:\/\/www.popety.io\/de\/loesungen\/estimate\/"]}]},{"@type":"ImageObject","inLanguage":"de","@id":"https:\/\/www.popety.io\/de\/loesungen\/estimate\/#primaryimage","url":"https:\/\/popety.io\/wp-content\/uploads\/2025\/01\/estimate.svg","contentUrl":"https:\/\/popety.io\/wp-content\/uploads\/2025\/01\/estimate.svg"},{"@type":"BreadcrumbList","@id":"https:\/\/www.popety.io\/de\/loesungen\/estimate\/#breadcrumb","itemListElement":[{"@type":"ListItem","position":1,"name":"Accueil","item":"https:\/\/www.popety.io\/de\/"},{"@type":"ListItem","position":2,"name":"L\u00f6sungen","item":"https:\/\/www.popety.io\/de\/loesungen\/"},{"@type":"ListItem","position":3,"name":"Estimate"}]},{"@type":"WebSite","@id":"https:\/\/www.popety.io\/#website","url":"https:\/\/www.popety.io\/","name":"Popety.io","description":"","publisher":{"@id":"https:\/\/www.popety.io\/#organization"},"potentialAction":[{"@type":"SearchAction","target":{"@type":"EntryPoint","urlTemplate":"https:\/\/www.popety.io\/?s={search_term_string}"},"query-input":{"@type":"PropertyValueSpecification","valueRequired":true,"valueName":"search_term_string"}}],"inLanguage":"de"},{"@type":"Organization","@id":"https:\/\/www.popety.io\/#organization","name":"Popety.io","alternateName":"Popety","url":"https:\/\/www.popety.io\/","logo":{"@type":"ImageObject","inLanguage":"de","@id":"https:\/\/www.popety.io\/#\/schema\/logo\/image\/","url":"https:\/\/www.popety.io\/wp-content\/uploads\/2025\/03\/popety_circle_logo.png","contentUrl":"https:\/\/www.popety.io\/wp-content\/uploads\/2025\/03\/popety_circle_logo.png","width":521,"height":521,"caption":"Popety.io"},"image":{"@id":"https:\/\/www.popety.io\/#\/schema\/logo\/image\/"},"sameAs":["https:\/\/www.facebook.com\/popety.io\/","https:\/\/ch.linkedin.com\/company\/popety-sa","https:\/\/www.instagram.com\/popety.io\/"]}]}},"_links":{"self":[{"href":"https:\/\/www.popety.io\/de\/wp-json\/wp\/v2\/pages\/1884","targetHints":{"allow":["GET"]}}],"collection":[{"href":"https:\/\/www.popety.io\/de\/wp-json\/wp\/v2\/pages"}],"about":[{"href":"https:\/\/www.popety.io\/de\/wp-json\/wp\/v2\/types\/page"}],"author":[{"embeddable":true,"href":"https:\/\/www.popety.io\/de\/wp-json\/wp\/v2\/users\/9"}],"replies":[{"embeddable":true,"href":"https:\/\/www.popety.io\/de\/wp-json\/wp\/v2\/comments?post=1884"}],"version-history":[{"count":9,"href":"https:\/\/www.popety.io\/de\/wp-json\/wp\/v2\/pages\/1884\/revisions"}],"predecessor-version":[{"id":3726,"href":"https:\/\/www.popety.io\/de\/wp-json\/wp\/v2\/pages\/1884\/revisions\/3726"}],"up":[{"embeddable":true,"href":"https:\/\/www.popety.io\/de\/wp-json\/wp\/v2\/pages\/1877"}],"wp:attachment":[{"href":"https:\/\/www.popety.io\/de\/wp-json\/wp\/v2\/media?parent=1884"}],"curies":[{"name":"wp","href":"https:\/\/api.w.org\/{rel}","templated":true}]}}