{"id":1881,"date":"2025-01-22T15:23:46","date_gmt":"2025-01-22T15:23:46","guid":{"rendered":"https:\/\/vp5o2gbqfxt.preview.infomaniak.website\/loesungen\/api\/"},"modified":"2026-02-06T16:36:50","modified_gmt":"2026-02-06T16:36:50","slug":"api","status":"publish","type":"page","link":"https:\/\/www.popety.io\/de\/loesungen\/api\/","title":{"rendered":"API"},"content":{"rendered":"<!--themify_builder_content-->\n<div id=\"themify_builder_content-1881\" data-postid=\"1881\" class=\"themify_builder_content themify_builder_content-1881 themify_builder tf_clear\">\n                    <div  data-lazy=\"1\" class=\"module_row themify_builder_row tb_gq76844 tb_first tf_w\">\n                        <div class=\"row_inner col_align_middle gutter-narrow tb_col_count_2 tf_box tf_rel\">\n                        <div  data-lazy=\"1\" class=\"module_column tb-column col4-2 tb_95jc844 first\">\n                    <!-- module text -->\n<div  class=\"module module-text tb_9ed7844   \" data-lazy=\"1\">\n        <div  class=\"tb_text_wrap\">\n        <h1><span class=\"underline-style\">API<\/span><\/h1>    <\/div>\n<\/div>\n<!-- \/module text -->        <div  data-lazy=\"1\" class=\"module_subrow themify_builder_sub_row tf_w col_align_top tb_col_count_2 tb_mmwe844\">\n                <div  data-lazy=\"1\" class=\"module_column sub_column col4-2 tb_d2l4844 first\">\n                    <!-- module image -->\n<div  class=\"module module-image tb_2x8z844 image-top   tf_mw\" data-lazy=\"1\">\n        <div class=\"image-wrap tf_rel tf_mw\">\n            <img decoding=\"async\" src=\"https:\/\/popety.io\/wp-content\/uploads\/2025\/01\/api-circle.svg\" width=\"200\" title=\"API\" alt=\"API\">    \n        <\/div>\n    <!-- \/image-wrap -->\n    \n        <\/div>\n<!-- \/module image -->        <\/div>\n                    <div  data-lazy=\"1\" class=\"module_column sub_column col4-2 tb_8air844 last\">\n                    <!-- module text -->\n<div  class=\"module module-text tb_dvy8844   \" data-lazy=\"1\">\n        <div  class=\"tb_text_wrap\">\n        <p>Integrieren Sie unsere Immobiliendaten direkt in Ihre Anwendungen mit unserer API.\u00a0<\/p>    <\/div>\n<\/div>\n<!-- \/module text --><!-- module text -->\n<div  class=\"module module-text tb_70rw844   \" data-lazy=\"1\">\n        <div  class=\"tb_text_wrap\">\n        <p><span style=\"color: #b35a4f;\">\u2714<\/span> Zugriff auf genaue Daten in Echtzeit&nbsp;<\/p>\n<div><span style=\"color: #b35a4f;\">\u2714<\/span> Personalisieren Sie nach Ihren Bed\u00fcrfnissen&nbsp;<\/div>\n<div><span style=\"color: #b35a4f;\">\u2714<\/span> Engagierte Unterst\u00fctzung f\u00fcr die Integration<\/div>\n    <\/div>\n<\/div>\n<!-- \/module text -->        <\/div>\n                    <\/div>\n                <\/div>\n                    <div  data-lazy=\"1\" class=\"module_column tb-column col4-2 tb_s2lv844 last\">\n        <span class=\"builder_row_cover tf_abs\"><\/span>            <!-- module text -->\n<div  class=\"module module-text tb_vxq3844   \" data-lazy=\"1\">\n        <div  class=\"tb_text_wrap\">\n        <p style=\"text-align: center;\">F\u00fcr Sie gemacht, <br>die Sie&#8230;<\/p>    <\/div>\n<\/div>\n<!-- \/module text --><!-- module text -->\n<div  class=\"module module-text tb_0gkm844   \" data-lazy=\"1\">\n        <div  class=\"tb_text_wrap\">\n        <p style=\"text-align: center;\">Immobilienfachmann<\/p>\n<p style=\"text-align: center;\">und Sie m\u00f6chten gerne<\/p>\n<p style=\"text-align: center;\">eine massgeschneiderte Integration<\/p>    <\/div>\n<\/div>\n<!-- \/module text --><!-- module image -->\n<div  class=\"module module-image tb_ysbe923 image-center   tf_mw\" data-lazy=\"1\">\n        <div class=\"image-wrap tf_rel tf_mw\">\n            <img decoding=\"async\" src=\"https:\/\/popety.io\/wp-content\/uploads\/2025\/01\/enterprise.svg\" width=\"100\" title=\"API\" alt=\"API\">    \n        <\/div>\n    <!-- \/image-wrap -->\n    \n        <\/div>\n<!-- \/module image --><!-- module buttons -->\n<div  class=\"module module-buttons tb_cpl4844 buttons-horizontal solid  small circle\" data-lazy=\"1\">\n        <div class=\"module-buttons-item tf_in_flx\">\n                        <a href=\"https:\/\/popety.io\/de\/branchen\/finanzinstitutionen\/\" class=\"ui builder_button tf_in_flx tb_default_color\" >\n                                                Erfahrungsbericht und Fallstudie                                        <\/a>\n                <\/div>\n            <\/div>\n<!-- \/module buttons -->\n        <\/div>\n                        <\/div>\n        <\/div>\n                        <div  data-css_id=\"vdg2198\" data-lazy=\"1\" class=\"module_row themify_builder_row fullwidth_row_container tb_vdg2198 tf_w\">\n                        <div class=\"row_inner col_align_top tb_col_count_1 tf_box tf_rel\">\n                        <div  data-lazy=\"1\" class=\"module_column tb-column col-full tb_urss198 first\">\n                    <!-- module text -->\n<div  class=\"module module-text tb_tf11198   \" data-lazy=\"1\">\n        <div  class=\"tb_text_wrap\">\n        <p><em>&#8222;Der Zugriff auf die gesamte Datenbank \u00fcber die API hat unsere Arbeitsweise ver\u00e4ndert. Wir k\u00f6nnen die Informationen jetzt leicht in unsere eigenen Systeme integrieren, was uns Zeit spart und unseren Kunden einen reibungsloseren Service bietet.&#8220;<\/em><\/p>    <\/div>\n<\/div>\n<!-- \/module text -->        <\/div>\n                        <\/div>\n        <\/div>\n                        <div  data-lazy=\"1\" class=\"module_row themify_builder_row tb_sanr36 tf_w\">\n                        <div class=\"row_inner col_align_top tb_col_count_1 tf_box tf_rel\">\n                        <div  data-lazy=\"1\" class=\"module_column tb-column col-full tb_ld4p36 first\">\n                    <!-- module text -->\n<div  class=\"module module-text tb_upt036   \" data-lazy=\"1\">\n        <div  class=\"tb_text_wrap\">\n        <h2>Popety <span class=\"underline-style\">API<\/span>: Optimieren Sie die Analyse Ihrer<br>Daten in Echtzeit.<\/h2>    <\/div>\n<\/div>\n<!-- \/module text -->        <div  data-lazy=\"1\" class=\"module_subrow themify_builder_sub_row tf_w col_align_middle gutter-narrow tb_col_count_2 tb_241j682\">\n                <div  data-lazy=\"1\" class=\"module_column sub_column col4-2 tb_yie8682 first\">\n                    <!-- module text -->\n<div  class=\"module module-text tb_yvt636   \" data-lazy=\"1\">\n        <div  class=\"tb_text_wrap\">\n        <p><span style=\"color: #b35a4f;\">\u2714<\/span> Sparen Sie Zeit, indem Sie den Import und die Analyse von Daten in Echtzeit automatisieren, ohne manuelle Bearbeitung)<br \/><span style=\"color: #b35a4f;\">\u2714<\/span> Personalisieren und optimieren Sie Ihre Kundenreise<br \/><span style=\"color: #b35a4f;\">\u2714<\/span> Teilen Sie die Ergebnisse der Analysen einfach mit Ihrem Team<br \/><span style=\"color: #b35a4f;\">\u2714<\/span> Zentralisieren Sie Schl\u00fcsselinformationen<\/p>    <\/div>\n<\/div>\n<!-- \/module text -->        <\/div>\n                    <div  data-lazy=\"1\" class=\"module_column sub_column col4-2 tb_1ogo682 last\">\n                    <!-- module image pro -->\n<div  class=\"module module-pro-image tb_uub2682 filter- effect-zoomin fullwidth_image rounded tf_textc   entrance-effect-fadeIn\" data-lazy=\"1\" data-entrance-effect=\"fadeIn\" data-exit-effect=\"fadeOut\" >\n\t\n    <div class=\"image-pro-wrap tf_rel tf_overflow tf_inline_b\">\n\t\t\t\t\t<a class=\"image-pro-external themify_lightbox tf_abs tf_w tf_h\" href=\"https:\/\/popety.io\/wp-content\/uploads\/2025\/03\/API_de.jpg\" ><span class=\"screen-reader-text\">Link<\/span><\/a>\n\t\t   \t\t<div class=\"image-pro-flip-box-wrap tf_rel tf_w tf_overflow\">\n\t\t\t<div class=\"image-pro-flip-box tf_rel\">\n\n\t\t\t\t<img decoding=\"async\" src=\"https:\/\/popety.io\/wp-content\/uploads\/2025\/03\/API_de.jpg\" width=\"1858\" height=\"1105\" title=\"API\" alt=\"API\">\n\t\t\t\t\t\t\t\t\t<div class=\"image-pro-overlay tf_hidden tf_abs\">\n\n\t\t\t\t\t\t\t\t\t\t\t\t\t<div class=\"image-pro-color-overlay tf_abs\" style=\"background-color:rgba(179,90,79, 0.4)\"><\/div>\n\t\t\t\t\t\t\n\t\t\t\t\t\t<div class=\"image-pro-overlay-inner\">\n\n\t\t\t\t\t\t\t\n\t\t\t\t\t\t\t\n\t\t\t\t\t\t\t\t\t\t\t\t\t\t\t<a class=\"ui image-pro-entity builder_button image-pro-action-button transparent themify_lightbox\" href=\"https:\/\/popety.io\/wp-content\/uploads\/2025\/03\/API_de.jpg\" >\n\t\t\t\t\t\t\t\t\t   +\t\t\t\t\t\t\t\t<\/a>\n\t\t\t\t\t\t\t\n\t\t\t\t\t\t<\/div>\n\t\t\t\t\t<\/div><!-- .image-pro-overlay -->\n\t\t\t\t\n\t\t\t<\/div>\n\t\t<\/div>\n\n    <\/div><!-- .image-pro-wrap -->\n\n\t\n\t\n\t<\/div><!-- \/module image pro -->        <\/div>\n                    <\/div>\n        <!-- module text -->\n<div  class=\"module module-text tb_hyfo36   \" data-lazy=\"1\">\n        <div  class=\"tb_text_wrap\">\n        <p>M\u00f6chten Sie das Potenzial Ihrer Daten voll aussch\u00f6pfen?<\/p>\n<div>Erfahren Sie, wie die Popety.io API Ihre Analyseprozesse ver\u00e4ndern und Ihnen Realtime-Insights liefern kann!<\/div>\n    <\/div>\n<\/div>\n<!-- \/module text --><!-- module buttons -->\n<div  class=\"module module-buttons tb_digx477 buttons-horizontal solid  small circle\" data-lazy=\"1\">\n        <div class=\"module-buttons-item tf_in_flx\">\n                        <a href=\"https:\/\/popety.io\/de\/demo-buchen\" class=\"ui builder_button tf_in_flx tb_default_color\" >\n                                                Demo Buchen                                        <\/a>\n                <\/div>\n            <\/div>\n<!-- \/module buttons -->\n        <\/div>\n                        <\/div>\n        <\/div>\n                        <div  data-css_id=\"w3c9606\" data-lazy=\"1\" class=\"module_row themify_builder_row fullwidth_row_container tb_w3c9606 tf_w\">\n                        <div class=\"row_inner col_align_top tb_col_count_1 tf_box tf_rel\">\n                        <div  data-lazy=\"1\" class=\"module_column tb-column col-full tb_dbfr606 first\">\n                    <!-- module plain text -->\n<div  class=\"module module-plain-text tb_3v61296 \" data-lazy=\"1\">\n        <div class=\"tb_text_wrap\">\n    <div>\n  <p style=\"color: #1a3a4a; font-size: 18px; font-weight: 500; margin-bottom: 15px;\">Entdecken Sie auch unsere anderen L\u00f6sungen<\/p>\n  <p style=\"font-size: 16px;\">\n    <a href=\"https:\/\/popety.io\/de\/loesungen\/analyse\/\" style=\"color: var(--theme_accent); text-decoration: none; margin-right: 15px;\">Immobilienanalyse<\/a>  |  \n    <a href=\"https:\/\/popety.io\/de\/loesungen\/estimate\/\" style=\"color: var(--theme_accent); text-decoration: none; margin: 0 15px;\">Immobilienbewertung<\/a>  |  \n    <a href=\"https:\/\/popety.io\/de\/loesungen\/explore\/\" style=\"color: var(--theme_accent); text-decoration: none; margin: 0 15px;\">Explore<\/a>  |  \n    <a href=\"https:\/\/popety.io\/de\/loesungen\/smart-lead\/\" style=\"color: var(--theme_accent); text-decoration: none; margin-left: 15px;\">Smart Lead<\/a>\n  <\/p>\n<\/div>    <\/div>\n<\/div>\n<!-- \/module plain text -->        <\/div>\n                        <\/div>\n        <\/div>\n        <\/div>\n<!--\/themify_builder_content-->","protected":false},"excerpt":{"rendered":"<p>API Integrieren Sie unsere Immobiliendaten direkt in Ihre Anwendungen mit unserer API.\u00a0 \u2714 Zugriff auf genaue Daten in Echtzeit&nbsp; \u2714 Personalisieren Sie nach Ihren Bed\u00fcrfnissen&nbsp; \u2714 Engagierte Unterst\u00fctzung f\u00fcr die Integration F\u00fcr Sie gemacht, die Sie&#8230; Immobilienfachmann und Sie m\u00f6chten gerne eine massgeschneiderte Integration Erfahrungsbericht und Fallstudie &#8222;Der Zugriff auf die gesamte Datenbank \u00fcber die [&hellip;]<\/p>\n","protected":false},"author":9,"featured_media":0,"parent":1877,"menu_order":0,"comment_status":"closed","ping_status":"closed","template":"","meta":{"footnotes":""},"class_list":["post-1881","page","type-page","status-publish","hentry","has-post-title","has-post-date","has-post-category","has-post-tag","has-post-comment","has-post-author",""],"yoast_head":"<!-- This site is optimized with the Yoast SEO plugin v26.8 - https:\/\/yoast.com\/product\/yoast-seo-wordpress\/ -->\n<title>Immobiliendaten API Schweiz | Popety.io<\/title>\n<meta name=\"description\" content=\"Integrieren Sie unsere Immobiliendaten API f\u00fcr Echtzeit-Zugang zu Schweizer Marktdaten. Vollst\u00e4ndige Dokumentation und technischer Support.\" \/>\n<meta name=\"robots\" content=\"index, follow, max-snippet:-1, max-image-preview:large, max-video-preview:-1\" \/>\n<link rel=\"canonical\" href=\"https:\/\/www.popety.io\/de\/loesungen\/api\/\" \/>\n<meta property=\"og:locale\" content=\"de_DE\" \/>\n<meta property=\"og:type\" content=\"article\" \/>\n<meta property=\"og:title\" content=\"Immobiliendaten API Schweiz | Popety.io\" \/>\n<meta property=\"og:description\" content=\"Integrieren Sie unsere Immobiliendaten API f\u00fcr Echtzeit-Zugang zu Schweizer Marktdaten. Vollst\u00e4ndige Dokumentation und technischer Support.\" \/>\n<meta property=\"og:url\" content=\"https:\/\/www.popety.io\/de\/loesungen\/api\/\" \/>\n<meta property=\"og:site_name\" content=\"Popety.io\" \/>\n<meta property=\"article:publisher\" content=\"https:\/\/www.facebook.com\/popety.io\/\" \/>\n<meta property=\"article:modified_time\" content=\"2026-02-06T16:36:50+00:00\" \/>\n<meta property=\"og:image\" content=\"https:\/\/popety.io\/wp-content\/uploads\/2025\/01\/api-circle.svg\" \/>\n<meta name=\"twitter:card\" content=\"summary_large_image\" \/>\n<meta name=\"twitter:label1\" content=\"Gesch\u00e4tzte Lesezeit\" \/>\n\t<meta name=\"twitter:data1\" content=\"2\u00a0Minuten\" \/>\n<script type=\"application\/ld+json\" class=\"yoast-schema-graph\">{\"@context\":\"https:\/\/schema.org\",\"@graph\":[{\"@type\":\"WebPage\",\"@id\":\"https:\/\/www.popety.io\/de\/loesungen\/api\/\",\"url\":\"https:\/\/www.popety.io\/de\/loesungen\/api\/\",\"name\":\"Immobiliendaten API Schweiz | Popety.io\",\"isPartOf\":{\"@id\":\"https:\/\/www.popety.io\/#website\"},\"primaryImageOfPage\":{\"@id\":\"https:\/\/www.popety.io\/de\/loesungen\/api\/#primaryimage\"},\"image\":{\"@id\":\"https:\/\/www.popety.io\/de\/loesungen\/api\/#primaryimage\"},\"thumbnailUrl\":\"https:\/\/popety.io\/wp-content\/uploads\/2025\/01\/api-circle.svg\",\"datePublished\":\"2025-01-22T15:23:46+00:00\",\"dateModified\":\"2026-02-06T16:36:50+00:00\",\"description\":\"Integrieren Sie unsere Immobiliendaten API f\u00fcr Echtzeit-Zugang zu Schweizer Marktdaten. Vollst\u00e4ndige Dokumentation und technischer Support.\",\"breadcrumb\":{\"@id\":\"https:\/\/www.popety.io\/de\/loesungen\/api\/#breadcrumb\"},\"inLanguage\":\"de\",\"potentialAction\":[{\"@type\":\"ReadAction\",\"target\":[\"https:\/\/www.popety.io\/de\/loesungen\/api\/\"]}]},{\"@type\":\"ImageObject\",\"inLanguage\":\"de\",\"@id\":\"https:\/\/www.popety.io\/de\/loesungen\/api\/#primaryimage\",\"url\":\"https:\/\/popety.io\/wp-content\/uploads\/2025\/01\/api-circle.svg\",\"contentUrl\":\"https:\/\/popety.io\/wp-content\/uploads\/2025\/01\/api-circle.svg\"},{\"@type\":\"BreadcrumbList\",\"@id\":\"https:\/\/www.popety.io\/de\/loesungen\/api\/#breadcrumb\",\"itemListElement\":[{\"@type\":\"ListItem\",\"position\":1,\"name\":\"Accueil\",\"item\":\"https:\/\/www.popety.io\/de\/\"},{\"@type\":\"ListItem\",\"position\":2,\"name\":\"L\u00f6sungen\",\"item\":\"https:\/\/www.popety.io\/de\/loesungen\/\"},{\"@type\":\"ListItem\",\"position\":3,\"name\":\"API\"}]},{\"@type\":\"WebSite\",\"@id\":\"https:\/\/www.popety.io\/#website\",\"url\":\"https:\/\/www.popety.io\/\",\"name\":\"Popety.io\",\"description\":\"\",\"publisher\":{\"@id\":\"https:\/\/www.popety.io\/#organization\"},\"potentialAction\":[{\"@type\":\"SearchAction\",\"target\":{\"@type\":\"EntryPoint\",\"urlTemplate\":\"https:\/\/www.popety.io\/?s={search_term_string}\"},\"query-input\":{\"@type\":\"PropertyValueSpecification\",\"valueRequired\":true,\"valueName\":\"search_term_string\"}}],\"inLanguage\":\"de\"},{\"@type\":\"Organization\",\"@id\":\"https:\/\/www.popety.io\/#organization\",\"name\":\"Popety.io\",\"alternateName\":\"Popety\",\"url\":\"https:\/\/www.popety.io\/\",\"logo\":{\"@type\":\"ImageObject\",\"inLanguage\":\"de\",\"@id\":\"https:\/\/www.popety.io\/#\/schema\/logo\/image\/\",\"url\":\"https:\/\/www.popety.io\/wp-content\/uploads\/2025\/03\/popety_circle_logo.png\",\"contentUrl\":\"https:\/\/www.popety.io\/wp-content\/uploads\/2025\/03\/popety_circle_logo.png\",\"width\":521,\"height\":521,\"caption\":\"Popety.io\"},\"image\":{\"@id\":\"https:\/\/www.popety.io\/#\/schema\/logo\/image\/\"},\"sameAs\":[\"https:\/\/www.facebook.com\/popety.io\/\",\"https:\/\/ch.linkedin.com\/company\/popety-sa\",\"https:\/\/www.instagram.com\/popety.io\/\"]}]}<\/script>\n<!-- \/ Yoast SEO plugin. -->","yoast_head_json":{"title":"Immobiliendaten API Schweiz | Popety.io","description":"Integrieren Sie unsere Immobiliendaten API f\u00fcr Echtzeit-Zugang zu Schweizer Marktdaten. Vollst\u00e4ndige Dokumentation und technischer Support.","robots":{"index":"index","follow":"follow","max-snippet":"max-snippet:-1","max-image-preview":"max-image-preview:large","max-video-preview":"max-video-preview:-1"},"canonical":"https:\/\/www.popety.io\/de\/loesungen\/api\/","og_locale":"de_DE","og_type":"article","og_title":"Immobiliendaten API Schweiz | Popety.io","og_description":"Integrieren Sie unsere Immobiliendaten API f\u00fcr Echtzeit-Zugang zu Schweizer Marktdaten. Vollst\u00e4ndige Dokumentation und technischer Support.","og_url":"https:\/\/www.popety.io\/de\/loesungen\/api\/","og_site_name":"Popety.io","article_publisher":"https:\/\/www.facebook.com\/popety.io\/","article_modified_time":"2026-02-06T16:36:50+00:00","og_image":[{"url":"https:\/\/popety.io\/wp-content\/uploads\/2025\/01\/api-circle.svg","type":"","width":"","height":""}],"twitter_card":"summary_large_image","twitter_misc":{"Gesch\u00e4tzte Lesezeit":"2\u00a0Minuten"},"schema":{"@context":"https:\/\/schema.org","@graph":[{"@type":"WebPage","@id":"https:\/\/www.popety.io\/de\/loesungen\/api\/","url":"https:\/\/www.popety.io\/de\/loesungen\/api\/","name":"Immobiliendaten API Schweiz | Popety.io","isPartOf":{"@id":"https:\/\/www.popety.io\/#website"},"primaryImageOfPage":{"@id":"https:\/\/www.popety.io\/de\/loesungen\/api\/#primaryimage"},"image":{"@id":"https:\/\/www.popety.io\/de\/loesungen\/api\/#primaryimage"},"thumbnailUrl":"https:\/\/popety.io\/wp-content\/uploads\/2025\/01\/api-circle.svg","datePublished":"2025-01-22T15:23:46+00:00","dateModified":"2026-02-06T16:36:50+00:00","description":"Integrieren Sie unsere Immobiliendaten API f\u00fcr Echtzeit-Zugang zu Schweizer Marktdaten. Vollst\u00e4ndige Dokumentation und technischer Support.","breadcrumb":{"@id":"https:\/\/www.popety.io\/de\/loesungen\/api\/#breadcrumb"},"inLanguage":"de","potentialAction":[{"@type":"ReadAction","target":["https:\/\/www.popety.io\/de\/loesungen\/api\/"]}]},{"@type":"ImageObject","inLanguage":"de","@id":"https:\/\/www.popety.io\/de\/loesungen\/api\/#primaryimage","url":"https:\/\/popety.io\/wp-content\/uploads\/2025\/01\/api-circle.svg","contentUrl":"https:\/\/popety.io\/wp-content\/uploads\/2025\/01\/api-circle.svg"},{"@type":"BreadcrumbList","@id":"https:\/\/www.popety.io\/de\/loesungen\/api\/#breadcrumb","itemListElement":[{"@type":"ListItem","position":1,"name":"Accueil","item":"https:\/\/www.popety.io\/de\/"},{"@type":"ListItem","position":2,"name":"L\u00f6sungen","item":"https:\/\/www.popety.io\/de\/loesungen\/"},{"@type":"ListItem","position":3,"name":"API"}]},{"@type":"WebSite","@id":"https:\/\/www.popety.io\/#website","url":"https:\/\/www.popety.io\/","name":"Popety.io","description":"","publisher":{"@id":"https:\/\/www.popety.io\/#organization"},"potentialAction":[{"@type":"SearchAction","target":{"@type":"EntryPoint","urlTemplate":"https:\/\/www.popety.io\/?s={search_term_string}"},"query-input":{"@type":"PropertyValueSpecification","valueRequired":true,"valueName":"search_term_string"}}],"inLanguage":"de"},{"@type":"Organization","@id":"https:\/\/www.popety.io\/#organization","name":"Popety.io","alternateName":"Popety","url":"https:\/\/www.popety.io\/","logo":{"@type":"ImageObject","inLanguage":"de","@id":"https:\/\/www.popety.io\/#\/schema\/logo\/image\/","url":"https:\/\/www.popety.io\/wp-content\/uploads\/2025\/03\/popety_circle_logo.png","contentUrl":"https:\/\/www.popety.io\/wp-content\/uploads\/2025\/03\/popety_circle_logo.png","width":521,"height":521,"caption":"Popety.io"},"image":{"@id":"https:\/\/www.popety.io\/#\/schema\/logo\/image\/"},"sameAs":["https:\/\/www.facebook.com\/popety.io\/","https:\/\/ch.linkedin.com\/company\/popety-sa","https:\/\/www.instagram.com\/popety.io\/"]}]}},"_links":{"self":[{"href":"https:\/\/www.popety.io\/de\/wp-json\/wp\/v2\/pages\/1881","targetHints":{"allow":["GET"]}}],"collection":[{"href":"https:\/\/www.popety.io\/de\/wp-json\/wp\/v2\/pages"}],"about":[{"href":"https:\/\/www.popety.io\/de\/wp-json\/wp\/v2\/types\/page"}],"author":[{"embeddable":true,"href":"https:\/\/www.popety.io\/de\/wp-json\/wp\/v2\/users\/9"}],"replies":[{"embeddable":true,"href":"https:\/\/www.popety.io\/de\/wp-json\/wp\/v2\/comments?post=1881"}],"version-history":[{"count":10,"href":"https:\/\/www.popety.io\/de\/wp-json\/wp\/v2\/pages\/1881\/revisions"}],"predecessor-version":[{"id":3741,"href":"https:\/\/www.popety.io\/de\/wp-json\/wp\/v2\/pages\/1881\/revisions\/3741"}],"up":[{"embeddable":true,"href":"https:\/\/www.popety.io\/de\/wp-json\/wp\/v2\/pages\/1877"}],"wp:attachment":[{"href":"https:\/\/www.popety.io\/de\/wp-json\/wp\/v2\/media?parent=1881"}],"curies":[{"name":"wp","href":"https:\/\/api.w.org\/{rel}","templated":true}]}}