{"id":1874,"date":"2025-01-22T15:22:53","date_gmt":"2025-01-22T15:22:53","guid":{"rendered":"https:\/\/vp5o2gbqfxt.preview.infomaniak.website\/analyse\/"},"modified":"2026-02-06T16:36:29","modified_gmt":"2026-02-06T16:36:29","slug":"analyse","status":"publish","type":"page","link":"https:\/\/www.popety.io\/de\/loesungen\/analyse\/","title":{"rendered":"Analyse"},"content":{"rendered":"<!--themify_builder_content-->\n<div id=\"themify_builder_content-1874\" data-postid=\"1874\" class=\"themify_builder_content themify_builder_content-1874 themify_builder tf_clear\">\n                    <div  data-lazy=\"1\" class=\"module_row themify_builder_row tb_n0xl880 tb_first tf_w\">\n                        <div class=\"row_inner col_align_middle gutter-narrow tb_col_count_2 tf_box tf_rel\">\n                        <div  data-lazy=\"1\" class=\"module_column tb-column col4-2 tb_fgiq880 first\">\n                    <!-- module text -->\n<div  class=\"module module-text tb_zjo3880   \" data-lazy=\"1\">\n        <div  class=\"tb_text_wrap\">\n        <h1><span class=\"underline-style\">Analyse<\/span><\/h1>    <\/div>\n<\/div>\n<!-- \/module text -->        <div  data-lazy=\"1\" class=\"module_subrow themify_builder_sub_row tf_w col_align_top tb_col_count_2 tb_i5lc525\">\n                <div  data-lazy=\"1\" class=\"module_column sub_column col4-2 tb_kwpg525 first\">\n                    <!-- module image -->\n<div  class=\"module module-image tb_imhc691 image-top   tf_mw\" data-lazy=\"1\">\n        <div class=\"image-wrap tf_rel tf_mw\">\n            <img decoding=\"async\" src=\"https:\/\/popety.io\/wp-content\/uploads\/2025\/01\/analyse-circle.svg\" width=\"200\" title=\"Analyse\" alt=\"Analyse\">    \n        <\/div>\n    <!-- \/image-wrap -->\n    \n        <\/div>\n<!-- \/module image -->        <\/div>\n                    <div  data-lazy=\"1\" class=\"module_column sub_column col4-2 tb_023p525 last\">\n                    <!-- module text -->\n<div  class=\"module module-text tb_mj5d585   \" data-lazy=\"1\">\n        <div  class=\"tb_text_wrap\">\n        <p>Identifizieren Sie schnell das Baupotenzial Ihrer Grundst\u00fccke in der Schweiz.\u00a0<\/p>    <\/div>\n<\/div>\n<!-- \/module text --><!-- module text -->\n<div  class=\"module module-text tb_f2lr883   \" data-lazy=\"1\">\n        <div  class=\"tb_text_wrap\">\n        <p><span style=\"color: #b35a4f;\">\u2714<\/span> Erkennen Sie schnell das Entwicklungspotenzial<br \/><span style=\"color: #b35a4f;\">\u2714<\/span> Pr\u00e4zise und umfassende Analysen<br \/><span style=\"color: #b35a4f;\">\u2714<\/span> Arbeiten Sie effektiv mit Ihrem Team zusammen<\/p>    <\/div>\n<\/div>\n<!-- \/module text -->        <\/div>\n                    <\/div>\n                <\/div>\n                    <div  data-lazy=\"1\" class=\"module_column tb-column col4-2 tb_9suu307 last\">\n        <span class=\"builder_row_cover tf_abs\"><\/span>            <!-- module text -->\n<div  class=\"module module-text tb_frz6154   \" data-lazy=\"1\">\n        <div  class=\"tb_text_wrap\">\n        <p style=\"text-align: center;\">F\u00fcr Sie gemacht, <br>die Sie&#8230;<\/p>    <\/div>\n<\/div>\n<!-- \/module text --><!-- module text -->\n<div  class=\"module module-text tb_imm2482   \" data-lazy=\"1\">\n        <div  class=\"tb_text_wrap\">\n        <p style=\"text-align: center;\">Bautr\u00e4ger<br>Immobilien<\/p>    <\/div>\n<\/div>\n<!-- \/module text --><!-- module image -->\n<div  class=\"module module-image tb_ifyn366 image-center   tf_mw\" data-lazy=\"1\">\n        <div class=\"image-wrap tf_rel tf_mw\">\n            <img decoding=\"async\" src=\"https:\/\/popety.io\/wp-content\/uploads\/2025\/01\/promoteur.svg\" width=\"100\" title=\"Analyse\" alt=\"Analyse\">    \n        <\/div>\n    <!-- \/image-wrap -->\n    \n        <\/div>\n<!-- \/module image --><!-- module buttons -->\n<div  class=\"module module-buttons tb_68sy880 buttons-horizontal solid  small circle\" data-lazy=\"1\">\n        <div class=\"module-buttons-item tf_in_flx\">\n                        <a href=\"https:\/\/popety.io\/de\/branchen\/immobilien-entwickler\/\" class=\"ui builder_button tf_in_flx tb_default_color\" >\n                                                Erfahrungsbericht und Fallstudie                                        <\/a>\n                <\/div>\n            <\/div>\n<!-- \/module buttons -->\n        <\/div>\n                        <\/div>\n        <\/div>\n                        <div  data-css_id=\"toqt146\" data-lazy=\"1\" class=\"module_row themify_builder_row fullwidth_row_container tb_toqt146 tf_w\">\n                        <div class=\"row_inner col_align_top tb_col_count_1 tf_box tf_rel\">\n                        <div  data-lazy=\"1\" class=\"module_column tb-column col-full tb_12x6146 first\">\n                    <!-- module text -->\n<div  class=\"module module-text tb_t0j5146   \" data-lazy=\"1\">\n        <div  class=\"tb_text_wrap\">\n        <p>&#8222;Mit Analyse erhalte ich einen klaren \u00dcberblick \u00fcber die Parzellen und Geb\u00e4ude, so dass ich die besten Gelegenheiten erkennen und fundierte Entscheidungen treffen kann. Ein unverzichtbares Werkzeug!&#8220;<\/p>\n    <\/div>\n<\/div>\n<!-- \/module text -->        <\/div>\n                        <\/div>\n        <\/div>\n                        <div  data-lazy=\"1\" class=\"module_row themify_builder_row tb_lwp1532 tf_w\">\n                        <div class=\"row_inner col_align_top tb_col_count_1 tf_box tf_rel\">\n                        <div  data-lazy=\"1\" class=\"module_column tb-column col-full tb_sj7z532 first\">\n                    <!-- module text -->\n<div  class=\"module module-text tb_7zsc532   \" data-lazy=\"1\">\n        <div  class=\"tb_text_wrap\">\n        <h2>Mit der <span class=\"underline-style\">Analyse<\/span> profitieren Sie von&#8230;<\/h2>    <\/div>\n<\/div>\n<!-- \/module text -->        <div  data-lazy=\"1\" class=\"module_subrow themify_builder_sub_row tf_w col_align_middle gutter-narrow tb_col_count_2 tb_9qiz875\">\n                <div  data-lazy=\"1\" class=\"module_column sub_column col4-2 tb_2dc1875 first\">\n                    <!-- module text -->\n<div  class=\"module module-text tb_rqtk532   \" data-lazy=\"1\">\n        <div  class=\"tb_text_wrap\">\n        <p><span style=\"color: #b35a4f;\">\u2714 <\/span>Verk\u00fcrzter Zeit f\u00fcr Feldanalysen \u2013 (Einsparung von bis zu 12 Stunden pro Projekt)<br \/><span style=\"color: #b35a4f;\">\u2714 <\/span>Fundiertere Entscheidungsgrundlagen \u2013 (\u00fcber 30 aggregierte Register in der Datenbank)<br \/><span style=\"color: #b35a4f;\">\u2714 <\/span>Einer zentralen Plattform f\u00fcr alle offiziellen Dokumente (Gemeindeverordnungen und Sonderpl\u00e4ne)<br \/><span style=\"color: #b35a4f;\">\u2714 <\/span>Effizienter und reibungsloser Zusammenarbeit<\/p>    <\/div>\n<\/div>\n<!-- \/module text -->        <\/div>\n                    <div  data-lazy=\"1\" class=\"module_column sub_column col4-2 tb_7cqm875 last\">\n                    <!-- module image pro -->\n<div  class=\"module module-pro-image tb_xrza875 filter- effect-zoomin fullwidth_image rounded tf_textc   entrance-effect-fadeIn\" data-lazy=\"1\" data-entrance-effect=\"fadeIn\" data-exit-effect=\"fadeOut\" >\n\t\n    <div class=\"image-pro-wrap tf_rel tf_overflow tf_inline_b\">\n\t\t\t\t\t<a class=\"image-pro-external themify_lightbox tf_abs tf_w tf_h\" href=\"https:\/\/popety.io\/wp-content\/uploads\/2025\/03\/Analyse_de.jpg\" ><span class=\"screen-reader-text\">Link<\/span><\/a>\n\t\t   \t\t<div class=\"image-pro-flip-box-wrap tf_rel tf_w tf_overflow\">\n\t\t\t<div class=\"image-pro-flip-box tf_rel\">\n\n\t\t\t\t<img decoding=\"async\" src=\"https:\/\/popety.io\/wp-content\/uploads\/2025\/03\/Analyse_de.jpg\" width=\"1434\" height=\"896\" title=\"Analyse\" alt=\"Analyse\">\n\t\t\t\t\t\t\t\t\t<div class=\"image-pro-overlay tf_hidden tf_abs\">\n\n\t\t\t\t\t\t\t\t\t\t\t\t\t<div class=\"image-pro-color-overlay tf_abs\" style=\"background-color:rgba(179,90,79, 0.4)\"><\/div>\n\t\t\t\t\t\t\n\t\t\t\t\t\t<div class=\"image-pro-overlay-inner\">\n\n\t\t\t\t\t\t\t\n\t\t\t\t\t\t\t\n\t\t\t\t\t\t\t\t\t\t\t\t\t\t\t<a class=\"ui image-pro-entity builder_button image-pro-action-button transparent themify_lightbox\" href=\"https:\/\/popety.io\/wp-content\/uploads\/2025\/03\/Analyse_de.jpg\" >\n\t\t\t\t\t\t\t\t\t   +\t\t\t\t\t\t\t\t<\/a>\n\t\t\t\t\t\t\t\n\t\t\t\t\t\t<\/div>\n\t\t\t\t\t<\/div><!-- .image-pro-overlay -->\n\t\t\t\t\n\t\t\t<\/div>\n\t\t<\/div>\n\n    <\/div><!-- .image-pro-wrap -->\n\n\t\n\t\n\t<\/div><!-- \/module image pro -->        <\/div>\n                    <\/div>\n        <!-- module text -->\n<div  class=\"module module-text tb_uzwc86   \" data-lazy=\"1\">\n        <div  class=\"tb_text_wrap\">\n        <p>M\u00f6chten auch Sie Ihre Immobilienakquise beschleunigen?<br>Finden Sie heraus, wie Popety.io Sie unterst\u00fctzen kann!<\/p>\n    <\/div>\n<\/div>\n<!-- \/module text --><!-- module buttons -->\n<div  class=\"module module-buttons tb_sqao308 buttons-horizontal solid  small circle\" data-lazy=\"1\">\n        <div class=\"module-buttons-item tf_in_flx\">\n                        <a href=\"https:\/\/popety.io\/de\/demo-buchen\" class=\"ui builder_button tf_in_flx tb_default_color\" >\n                                                Demo Buchen                                        <\/a>\n                <\/div>\n            <\/div>\n<!-- \/module buttons -->\n        <\/div>\n                        <\/div>\n        <\/div>\n                        <div  data-css_id=\"euas350\" data-lazy=\"1\" class=\"module_row themify_builder_row fullwidth_row_container tb_euas350 tf_w\">\n                        <div class=\"row_inner col_align_top tb_col_count_1 tf_box tf_rel\">\n                        <div  data-lazy=\"1\" class=\"module_column tb-column col-full tb_um6t350 first\">\n                    <!-- module plain text -->\n<div  class=\"module module-plain-text tb_ckcg298 \" data-lazy=\"1\">\n        <div class=\"tb_text_wrap\">\n    <div>\n  <p style=\"color: #1a3a4a; font-size: 18px; font-weight: 500; margin-bottom: 15px;\">Entdecken Sie auch unsere anderen L\u00f6sungen<\/p>\n  <p style=\"font-size: 16px;\">\n    <a href=\"https:\/\/popety.io\/de\/loesungen\/estimate\/\" style=\"color: var(--theme_accent); text-decoration: none; margin-right: 15px;\">Immobilienbewertung<\/a>  |  \n    <a href=\"https:\/\/popety.io\/de\/loesungen\/explore\/\" style=\"color: var(--theme_accent); text-decoration: none; margin: 0 15px;\">Explore<\/a>  |  \n    <a href=\"https:\/\/popety.io\/de\/loesungen\/api\/\" style=\"color: var(--theme_accent); text-decoration: none; margin: 0 15px;\">API Daten<\/a>  |  \n    <a href=\"https:\/\/popety.io\/de\/loesungen\/smart-lead\/\" style=\"color: var(--theme_accent); text-decoration: none; margin-left: 15px;\">Smart Lead<\/a>\n  <\/p>\n<\/div>    <\/div>\n<\/div>\n<!-- \/module plain text -->        <\/div>\n                        <\/div>\n        <\/div>\n        <\/div>\n<!--\/themify_builder_content-->","protected":false},"excerpt":{"rendered":"<p>Analyse Identifizieren Sie schnell das Baupotenzial Ihrer Grundst\u00fccke in der Schweiz.\u00a0 \u2714 Erkennen Sie schnell das Entwicklungspotenzial\u2714 Pr\u00e4zise und umfassende Analysen\u2714 Arbeiten Sie effektiv mit Ihrem Team zusammen F\u00fcr Sie gemacht, die Sie&#8230; Bautr\u00e4gerImmobilien Erfahrungsbericht und Fallstudie &#8222;Mit Analyse erhalte ich einen klaren \u00dcberblick \u00fcber die Parzellen und Geb\u00e4ude, so dass ich die besten Gelegenheiten [&hellip;]<\/p>\n","protected":false},"author":9,"featured_media":0,"parent":1877,"menu_order":0,"comment_status":"closed","ping_status":"closed","template":"","meta":{"footnotes":""},"class_list":["post-1874","page","type-page","status-publish","hentry","has-post-title","has-post-date","has-post-category","has-post-tag","has-post-comment","has-post-author",""],"yoast_head":"<!-- This site is optimized with the Yoast SEO plugin v26.8 - https:\/\/yoast.com\/product\/yoast-seo-wordpress\/ -->\n<title>Baupotenzial Schweiz | Analyse Popety.io<\/title>\n<meta name=\"description\" content=\"Identifizieren Sie das Baupotenzial Ihrer Grundst\u00fccke in der Schweiz. Vollst\u00e4ndige Analyse mit Katasterdaten, Gemeindeverordnungen und Sonderpl\u00e4nen. Kostenlose Testversion.\" \/>\n<meta name=\"robots\" content=\"index, follow, max-snippet:-1, max-image-preview:large, max-video-preview:-1\" \/>\n<link rel=\"canonical\" href=\"https:\/\/www.popety.io\/de\/loesungen\/analyse\/\" \/>\n<meta property=\"og:locale\" content=\"de_DE\" \/>\n<meta property=\"og:type\" content=\"article\" \/>\n<meta property=\"og:title\" content=\"Baupotenzial Schweiz | Analyse Popety.io\" \/>\n<meta property=\"og:description\" content=\"Identifizieren Sie das Baupotenzial Ihrer Grundst\u00fccke in der Schweiz. Vollst\u00e4ndige Analyse mit Katasterdaten, Gemeindeverordnungen und Sonderpl\u00e4nen. Kostenlose Testversion.\" \/>\n<meta property=\"og:url\" content=\"https:\/\/www.popety.io\/de\/loesungen\/analyse\/\" \/>\n<meta property=\"og:site_name\" content=\"Popety.io\" \/>\n<meta property=\"article:publisher\" content=\"https:\/\/www.facebook.com\/popety.io\/\" \/>\n<meta property=\"article:modified_time\" content=\"2026-02-06T16:36:29+00:00\" \/>\n<meta property=\"og:image\" content=\"https:\/\/popety.io\/wp-content\/uploads\/2025\/01\/analyse-circle.svg\" \/>\n<meta name=\"twitter:card\" content=\"summary_large_image\" \/>\n<meta name=\"twitter:label1\" content=\"Gesch\u00e4tzte Lesezeit\" \/>\n\t<meta name=\"twitter:data1\" content=\"2\u00a0Minuten\" \/>\n<script type=\"application\/ld+json\" class=\"yoast-schema-graph\">{\"@context\":\"https:\/\/schema.org\",\"@graph\":[{\"@type\":\"WebPage\",\"@id\":\"https:\/\/www.popety.io\/de\/loesungen\/analyse\/\",\"url\":\"https:\/\/www.popety.io\/de\/loesungen\/analyse\/\",\"name\":\"Baupotenzial Schweiz | Analyse Popety.io\",\"isPartOf\":{\"@id\":\"https:\/\/www.popety.io\/#website\"},\"primaryImageOfPage\":{\"@id\":\"https:\/\/www.popety.io\/de\/loesungen\/analyse\/#primaryimage\"},\"image\":{\"@id\":\"https:\/\/www.popety.io\/de\/loesungen\/analyse\/#primaryimage\"},\"thumbnailUrl\":\"https:\/\/popety.io\/wp-content\/uploads\/2025\/01\/analyse-circle.svg\",\"datePublished\":\"2025-01-22T15:22:53+00:00\",\"dateModified\":\"2026-02-06T16:36:29+00:00\",\"description\":\"Identifizieren Sie das Baupotenzial Ihrer Grundst\u00fccke in der Schweiz. Vollst\u00e4ndige Analyse mit Katasterdaten, Gemeindeverordnungen und Sonderpl\u00e4nen. Kostenlose Testversion.\",\"breadcrumb\":{\"@id\":\"https:\/\/www.popety.io\/de\/loesungen\/analyse\/#breadcrumb\"},\"inLanguage\":\"de\",\"potentialAction\":[{\"@type\":\"ReadAction\",\"target\":[\"https:\/\/www.popety.io\/de\/loesungen\/analyse\/\"]}]},{\"@type\":\"ImageObject\",\"inLanguage\":\"de\",\"@id\":\"https:\/\/www.popety.io\/de\/loesungen\/analyse\/#primaryimage\",\"url\":\"https:\/\/popety.io\/wp-content\/uploads\/2025\/01\/analyse-circle.svg\",\"contentUrl\":\"https:\/\/popety.io\/wp-content\/uploads\/2025\/01\/analyse-circle.svg\"},{\"@type\":\"BreadcrumbList\",\"@id\":\"https:\/\/www.popety.io\/de\/loesungen\/analyse\/#breadcrumb\",\"itemListElement\":[{\"@type\":\"ListItem\",\"position\":1,\"name\":\"Accueil\",\"item\":\"https:\/\/www.popety.io\/de\/\"},{\"@type\":\"ListItem\",\"position\":2,\"name\":\"L\u00f6sungen\",\"item\":\"https:\/\/www.popety.io\/de\/loesungen\/\"},{\"@type\":\"ListItem\",\"position\":3,\"name\":\"Analyse\"}]},{\"@type\":\"WebSite\",\"@id\":\"https:\/\/www.popety.io\/#website\",\"url\":\"https:\/\/www.popety.io\/\",\"name\":\"Popety.io\",\"description\":\"\",\"publisher\":{\"@id\":\"https:\/\/www.popety.io\/#organization\"},\"potentialAction\":[{\"@type\":\"SearchAction\",\"target\":{\"@type\":\"EntryPoint\",\"urlTemplate\":\"https:\/\/www.popety.io\/?s={search_term_string}\"},\"query-input\":{\"@type\":\"PropertyValueSpecification\",\"valueRequired\":true,\"valueName\":\"search_term_string\"}}],\"inLanguage\":\"de\"},{\"@type\":\"Organization\",\"@id\":\"https:\/\/www.popety.io\/#organization\",\"name\":\"Popety.io\",\"alternateName\":\"Popety\",\"url\":\"https:\/\/www.popety.io\/\",\"logo\":{\"@type\":\"ImageObject\",\"inLanguage\":\"de\",\"@id\":\"https:\/\/www.popety.io\/#\/schema\/logo\/image\/\",\"url\":\"https:\/\/www.popety.io\/wp-content\/uploads\/2025\/03\/popety_circle_logo.png\",\"contentUrl\":\"https:\/\/www.popety.io\/wp-content\/uploads\/2025\/03\/popety_circle_logo.png\",\"width\":521,\"height\":521,\"caption\":\"Popety.io\"},\"image\":{\"@id\":\"https:\/\/www.popety.io\/#\/schema\/logo\/image\/\"},\"sameAs\":[\"https:\/\/www.facebook.com\/popety.io\/\",\"https:\/\/ch.linkedin.com\/company\/popety-sa\",\"https:\/\/www.instagram.com\/popety.io\/\"]}]}<\/script>\n<!-- \/ Yoast SEO plugin. -->","yoast_head_json":{"title":"Baupotenzial Schweiz | Analyse Popety.io","description":"Identifizieren Sie das Baupotenzial Ihrer Grundst\u00fccke in der Schweiz. Vollst\u00e4ndige Analyse mit Katasterdaten, Gemeindeverordnungen und Sonderpl\u00e4nen. Kostenlose Testversion.","robots":{"index":"index","follow":"follow","max-snippet":"max-snippet:-1","max-image-preview":"max-image-preview:large","max-video-preview":"max-video-preview:-1"},"canonical":"https:\/\/www.popety.io\/de\/loesungen\/analyse\/","og_locale":"de_DE","og_type":"article","og_title":"Baupotenzial Schweiz | Analyse Popety.io","og_description":"Identifizieren Sie das Baupotenzial Ihrer Grundst\u00fccke in der Schweiz. Vollst\u00e4ndige Analyse mit Katasterdaten, Gemeindeverordnungen und Sonderpl\u00e4nen. Kostenlose Testversion.","og_url":"https:\/\/www.popety.io\/de\/loesungen\/analyse\/","og_site_name":"Popety.io","article_publisher":"https:\/\/www.facebook.com\/popety.io\/","article_modified_time":"2026-02-06T16:36:29+00:00","og_image":[{"url":"https:\/\/popety.io\/wp-content\/uploads\/2025\/01\/analyse-circle.svg","type":"","width":"","height":""}],"twitter_card":"summary_large_image","twitter_misc":{"Gesch\u00e4tzte Lesezeit":"2\u00a0Minuten"},"schema":{"@context":"https:\/\/schema.org","@graph":[{"@type":"WebPage","@id":"https:\/\/www.popety.io\/de\/loesungen\/analyse\/","url":"https:\/\/www.popety.io\/de\/loesungen\/analyse\/","name":"Baupotenzial Schweiz | Analyse Popety.io","isPartOf":{"@id":"https:\/\/www.popety.io\/#website"},"primaryImageOfPage":{"@id":"https:\/\/www.popety.io\/de\/loesungen\/analyse\/#primaryimage"},"image":{"@id":"https:\/\/www.popety.io\/de\/loesungen\/analyse\/#primaryimage"},"thumbnailUrl":"https:\/\/popety.io\/wp-content\/uploads\/2025\/01\/analyse-circle.svg","datePublished":"2025-01-22T15:22:53+00:00","dateModified":"2026-02-06T16:36:29+00:00","description":"Identifizieren Sie das Baupotenzial Ihrer Grundst\u00fccke in der Schweiz. Vollst\u00e4ndige Analyse mit Katasterdaten, Gemeindeverordnungen und Sonderpl\u00e4nen. Kostenlose Testversion.","breadcrumb":{"@id":"https:\/\/www.popety.io\/de\/loesungen\/analyse\/#breadcrumb"},"inLanguage":"de","potentialAction":[{"@type":"ReadAction","target":["https:\/\/www.popety.io\/de\/loesungen\/analyse\/"]}]},{"@type":"ImageObject","inLanguage":"de","@id":"https:\/\/www.popety.io\/de\/loesungen\/analyse\/#primaryimage","url":"https:\/\/popety.io\/wp-content\/uploads\/2025\/01\/analyse-circle.svg","contentUrl":"https:\/\/popety.io\/wp-content\/uploads\/2025\/01\/analyse-circle.svg"},{"@type":"BreadcrumbList","@id":"https:\/\/www.popety.io\/de\/loesungen\/analyse\/#breadcrumb","itemListElement":[{"@type":"ListItem","position":1,"name":"Accueil","item":"https:\/\/www.popety.io\/de\/"},{"@type":"ListItem","position":2,"name":"L\u00f6sungen","item":"https:\/\/www.popety.io\/de\/loesungen\/"},{"@type":"ListItem","position":3,"name":"Analyse"}]},{"@type":"WebSite","@id":"https:\/\/www.popety.io\/#website","url":"https:\/\/www.popety.io\/","name":"Popety.io","description":"","publisher":{"@id":"https:\/\/www.popety.io\/#organization"},"potentialAction":[{"@type":"SearchAction","target":{"@type":"EntryPoint","urlTemplate":"https:\/\/www.popety.io\/?s={search_term_string}"},"query-input":{"@type":"PropertyValueSpecification","valueRequired":true,"valueName":"search_term_string"}}],"inLanguage":"de"},{"@type":"Organization","@id":"https:\/\/www.popety.io\/#organization","name":"Popety.io","alternateName":"Popety","url":"https:\/\/www.popety.io\/","logo":{"@type":"ImageObject","inLanguage":"de","@id":"https:\/\/www.popety.io\/#\/schema\/logo\/image\/","url":"https:\/\/www.popety.io\/wp-content\/uploads\/2025\/03\/popety_circle_logo.png","contentUrl":"https:\/\/www.popety.io\/wp-content\/uploads\/2025\/03\/popety_circle_logo.png","width":521,"height":521,"caption":"Popety.io"},"image":{"@id":"https:\/\/www.popety.io\/#\/schema\/logo\/image\/"},"sameAs":["https:\/\/www.facebook.com\/popety.io\/","https:\/\/ch.linkedin.com\/company\/popety-sa","https:\/\/www.instagram.com\/popety.io\/"]}]}},"_links":{"self":[{"href":"https:\/\/www.popety.io\/de\/wp-json\/wp\/v2\/pages\/1874","targetHints":{"allow":["GET"]}}],"collection":[{"href":"https:\/\/www.popety.io\/de\/wp-json\/wp\/v2\/pages"}],"about":[{"href":"https:\/\/www.popety.io\/de\/wp-json\/wp\/v2\/types\/page"}],"author":[{"embeddable":true,"href":"https:\/\/www.popety.io\/de\/wp-json\/wp\/v2\/users\/9"}],"replies":[{"embeddable":true,"href":"https:\/\/www.popety.io\/de\/wp-json\/wp\/v2\/comments?post=1874"}],"version-history":[{"count":13,"href":"https:\/\/www.popety.io\/de\/wp-json\/wp\/v2\/pages\/1874\/revisions"}],"predecessor-version":[{"id":3738,"href":"https:\/\/www.popety.io\/de\/wp-json\/wp\/v2\/pages\/1874\/revisions\/3738"}],"up":[{"embeddable":true,"href":"https:\/\/www.popety.io\/de\/wp-json\/wp\/v2\/pages\/1877"}],"wp:attachment":[{"href":"https:\/\/www.popety.io\/de\/wp-json\/wp\/v2\/media?parent=1874"}],"curies":[{"name":"wp","href":"https:\/\/api.w.org\/{rel}","templated":true}]}}